{"id":265,"date":"2025-02-24T10:49:41","date_gmt":"2025-02-24T10:49:41","guid":{"rendered":"https:\/\/betterwinbonus.com\/startseite\/"},"modified":"2025-11-18T05:53:15","modified_gmt":"2025-11-18T05:53:15","slug":"startseite","status":"publish","type":"page","link":"https:\/\/betterwinbonus.com\/de\/","title":{"rendered":"Startseite"},"content":{"rendered":"\t\t<div data-elementor-type=\"wp-post\" data-elementor-id=\"265\" class=\"elementor elementor-265 elementor-13\" data-elementor-post-type=\"page\">\n\t\t\t\t<div class=\"elementor-element elementor-element-ae0a3f9 e-flex e-con-boxed e-con e-parent\" data-id=\"ae0a3f9\" data-element_type=\"container\" data-e-type=\"container\" data-settings=\"{&quot;background_background&quot;:&quot;classic&quot;}\">\n\t\t\t\t\t<div class=\"e-con-inner\">\n\t\t<div class=\"elementor-element elementor-element-d3e0b07 e-con-full e-flex e-con e-child\" data-id=\"d3e0b07\" data-element_type=\"container\" data-e-type=\"container\">\n\t\t<div class=\"elementor-element elementor-element-3aca200 e-con-full e-flex e-con e-child\" data-id=\"3aca200\" data-element_type=\"container\" data-e-type=\"container\">\n\t\t\t\t<div class=\"elementor-element elementor-element-9fa3695 elementor-widget elementor-widget-heading\" data-id=\"9fa3695\" data-element_type=\"widget\" data-e-type=\"widget\" data-widget_type=\"heading.default\">\n\t\t\t\t<div class=\"elementor-widget-container\">\n\t\t\t\t\t<h2 class=\"elementor-heading-title elementor-size-default\">100% Willkommensbonus bis zu 500\u20ac + 50 Freispiele<\/h2>\t\t\t\t<\/div>\n\t\t\t\t<\/div>\n\t\t\t\t<div class=\"elementor-element elementor-element-0bb9721 elementor-widget elementor-widget-heading\" data-id=\"0bb9721\" data-element_type=\"widget\" data-e-type=\"widget\" data-widget_type=\"heading.default\">\n\t\t\t\t<div class=\"elementor-widget-container\">\n\t\t\t\t\t<h3 class=\"elementor-heading-title elementor-size-default\">Gewinnen Sie besser!<\/h3>\t\t\t\t<\/div>\n\t\t\t\t<\/div>\n\t\t\t\t<div class=\"elementor-element elementor-element-83919b2 elementor-widget elementor-widget-button\" data-id=\"83919b2\" data-element_type=\"widget\" data-e-type=\"widget\" data-widget_type=\"button.default\">\n\t\t\t\t<div class=\"elementor-widget-container\">\n\t\t\t\t\t\t\t\t\t<div class=\"elementor-button-wrapper\">\n\t\t\t\t\t<a class=\"elementor-button elementor-button-link elementor-size-sm\" href=\"https:\/\/betterwinbonus.com\/play\/better-win\/\">\n\t\t\t\t\t\t<span class=\"elementor-button-content-wrapper\">\n\t\t\t\t\t\t\t\t\t<span class=\"elementor-button-text\">Registrieren Sie sich<\/span>\n\t\t\t\t\t<\/span>\n\t\t\t\t\t<\/a>\n\t\t\t\t<\/div>\n\t\t\t\t\t\t\t\t<\/div>\n\t\t\t\t<\/div>\n\t\t\t\t<\/div>\n\t\t\t\t<div class=\"elementor-element elementor-element-79d1a82 elementor-widget elementor-widget-image\" data-id=\"79d1a82\" data-element_type=\"widget\" data-e-type=\"widget\" data-widget_type=\"image.default\">\n\t\t\t\t<div class=\"elementor-widget-container\">\n\t\t\t\t\t\t\t\t\t\t\t\t\t\t\t<img fetchpriority=\"high\" decoding=\"async\" width=\"800\" height=\"739\" src=\"https:\/\/betterwinbonus.com\/wp-content\/uploads\/2025\/02\/background-home-banner.png\" class=\"attachment-large size-large wp-image-216\" alt=\"\" srcset=\"https:\/\/betterwinbonus.com\/wp-content\/uploads\/2025\/02\/background-home-banner.png 996w, https:\/\/betterwinbonus.com\/wp-content\/uploads\/2025\/02\/background-home-banner-300x277.png 300w, https:\/\/betterwinbonus.com\/wp-content\/uploads\/2025\/02\/background-home-banner-768x709.png 768w\" sizes=\"(max-width: 800px) 100vw, 800px\" \/>\t\t\t\t\t\t\t\t\t\t\t\t\t\t\t<\/div>\n\t\t\t\t<\/div>\n\t\t\t\t<\/div>\n\t\t\t\t<div class=\"elementor-element elementor-element-591dc99 elementor-widget elementor-widget-text-editor\" data-id=\"591dc99\" data-element_type=\"widget\" data-e-type=\"widget\" data-widget_type=\"text-editor.default\">\n\t\t\t\t<div class=\"elementor-widget-container\">\n\t\t\t\t\t\t\t\t\t<h3 data-start=\"49\" data-end=\"119\"><strong data-start=\"53\" data-end=\"117\">Better Win Bonus &#8211; Exklusive Casino-Angebote &amp; gro\u00dfe Gewinne freischalten<\/strong><\/h3><p data-start=\"121\" data-end=\"303\">Suchen Sie nach den besten Casino-Aktionen und exklusiven Bonusangeboten? <strong data-start=\"183\" data-end=\"203\">BetterWin Casino<\/strong> bietet Ihnen einen <strong data-start=\"227\" data-end=\"278\">100% Willkommensbonus bis zu 500 \u20ac\/$ + 50 Freispiele<\/strong> auf Ihre erste Einzahlung.<\/p><p data-start=\"121\" data-end=\"303\"><span style=\"color: #ff6600;\">BetterWin ist derzeit offline und wartet auf einen Relaunch, um Ihnen ein viel besseres Erlebnis zu bieten. In der Zwischenzeit sollten Sie sich stattdessen <a style=\"color: #ff6600;\" href=\"https:\/\/woocasinoonline.com\/\" target=\"_blank\" rel=\"noopener\">WooCasino<\/a> ansehen.   <\/span><\/p><h3 data-start=\"305\" data-end=\"373\"><strong data-start=\"309\" data-end=\"371\">BetterWin Willkommensbonus: 100% bis zu \u20ac\/$500 + 50 Freispiele<\/strong><\/h3><p data-start=\"375\" data-end=\"474\">Beginnen Sie Ihre Spielreise mit einem gro\u00dfartigen Willkommenspaket, das Ihre Bankroll vom ersten Tag an aufstockt.<\/p><ul data-start=\"476\" data-end=\"670\"><li data-start=\"476\" data-end=\"529\"><strong data-start=\"478\" data-end=\"505\">100% Bonus bis zu \u20ac\/$500<\/strong> auf Ihre erste Einzahlung<\/li><li data-start=\"530\" data-end=\"574\"><strong data-start=\"532\" data-end=\"549\">50 Freispiele<\/strong> f\u00fcr ein beliebtes Automatenspiel<\/li><li data-start=\"575\" data-end=\"624\"><strong data-start=\"577\" data-end=\"603\">Mindesteinzahlung: \u20ac\/$10<\/strong>, um das Angebot in Anspruch zu nehmen<\/li><li data-start=\"625\" data-end=\"670\"><strong data-start=\"627\" data-end=\"655\">30x Wettanforderung<\/strong> f\u00fcr den Bonus<\/li><\/ul><p data-start=\"672\" data-end=\"780\">Melden Sie sich jetzt an und verdoppeln Sie Ihre erste Einzahlung sofort, w\u00e4hrend Sie Freispiele an einem der angesagtesten Spielautomaten genie\u00dfen.<\/p><h3 data-start=\"782\" data-end=\"821\"><strong data-start=\"786\" data-end=\"819\">Warum bei BetterWin Casino spielen?<\/strong><\/h3><ul data-start=\"823\" data-end=\"1193\"><li data-start=\"823\" data-end=\"918\"><strong data-start=\"825\" data-end=\"850\">Erstklassige Casino-Spiele<\/strong> &#8211; Entdecken Sie Hunderte von Spielautomaten, Tischspielen und Live-Dealer-Optionen<\/li><li data-start=\"919\" data-end=\"1005\"><strong data-start=\"921\" data-end=\"945\">Exklusive Promotionen<\/strong> &#8211; Sichern Sie sich laufende Boni, Cashback-Angebote und Freispiele.<\/li><li data-start=\"1006\" data-end=\"1106\"><strong data-start=\"1008\" data-end=\"1034\">Schnelle &amp; sichere Zahlungen<\/strong> &#8211; Einzahlungen und Abhebungen mit vertrauensw\u00fcrdigen Zahlungsmethoden, einschlie\u00dflich Kryptow\u00e4hrungen<\/li><li data-start=\"1107\" data-end=\"1193\"><strong data-start=\"1109\" data-end=\"1136\">Mobiloptimiertes Spielen<\/strong> &#8211; Spielen Sie jederzeit und \u00fcberall mit nahtlosem mobilem Gameplay<\/li><\/ul><h3 data-start=\"1195\" data-end=\"1246\"><strong data-start=\"1199\" data-end=\"1244\">Wie Sie Ihren BetterWin Willkommensbonus beantragen<\/strong><\/h3><ol data-start=\"1248\" data-end=\"1519\"><li data-start=\"1248\" data-end=\"1335\"><strong data-start=\"1251\" data-end=\"1276\">Erstellen Sie ein kostenloses Konto<\/strong> &#8211; Klicken Sie auf <strong data-start=\"1285\" data-end=\"1296\">Anmelden<\/strong> und f\u00fcllen Sie die Schnellregistrierung aus.<\/li><li data-start=\"1336\" data-end=\"1419\"><strong data-start=\"1339\" data-end=\"1366\">Machen Sie Ihre erste Einzahlung<\/strong> &#8211; Zahlen Sie <strong data-start=\"1377\" data-end=\"1394\">\u20ac\/$10 oder mehr<\/strong> ein, um das Angebot zu aktivieren.<\/li><li data-start=\"1420\" data-end=\"1519\"><strong data-start=\"1423\" data-end=\"1453\">Genie\u00dfen Sie Ihren Bonus und Ihre Freispiele<\/strong> &#8211; Holen Sie sich einen <strong data-start=\"1462\" data-end=\"1498\">100%igen Bonus plus Freispiele<\/strong> und beginnen Sie zu spielen.<\/li><\/ol><p data-start=\"1521\" data-end=\"1642\">Die Chance auf einen gro\u00dfen Gewinn beginnt jetzt. Profitieren Sie von diesem exklusiven Casino-Bonus und t\u00e4tigen Sie noch heute Ihre erste Einzahlung.<\/p><p data-start=\"1644\" data-end=\"1682\"><strong data-start=\"1644\" data-end=\"1680\">Klicken Sie unten, um Ihren Bonus zu beantragen.<\/strong><\/p><p data-start=\"1684\" data-end=\"1753\"><em data-start=\"1684\" data-end=\"1751\">Es gelten die allgemeinen Gesch\u00e4ftsbedingungen und Bonusbedingungen. 18+ | Spielen Sie verantwortungsvoll.<\/em><\/p>\t\t\t\t\t\t\t\t<\/div>\n\t\t\t\t<\/div>\n\t\t\t\t<div class=\"elementor-element elementor-element-33ac588 elementor-align-justify elementor-widget elementor-widget-global elementor-global-301 elementor-global-178 elementor-widget-button\" data-id=\"33ac588\" data-element_type=\"widget\" data-e-type=\"widget\" data-widget_type=\"button.default\">\n\t\t\t\t<div class=\"elementor-widget-container\">\n\t\t\t\t\t\t\t\t\t<div class=\"elementor-button-wrapper\">\n\t\t\t\t\t<a class=\"elementor-button elementor-button-link elementor-size-sm\" href=\"https:\/\/betterwinbonus.com\/play\/better-win\/\">\n\t\t\t\t\t\t<span class=\"elementor-button-content-wrapper\">\n\t\t\t\t\t\t\t\t\t<span class=\"elementor-button-text\">Jetzt anmelden<\/span>\n\t\t\t\t\t<\/span>\n\t\t\t\t\t<\/a>\n\t\t\t\t<\/div>\n\t\t\t\t\t\t\t\t<\/div>\n\t\t\t\t<\/div>\n\t\t\t\t\t<\/div>\n\t\t\t\t<\/div>\n\t\t<div class=\"elementor-element elementor-element-c91a681 e-flex e-con-boxed e-con e-parent\" data-id=\"c91a681\" data-element_type=\"container\" data-e-type=\"container\" data-settings=\"{&quot;background_background&quot;:&quot;classic&quot;}\">\n\t\t\t\t\t<div class=\"e-con-inner\">\n\t\t\t\t<div class=\"elementor-element elementor-element-7e148be elementor-widget elementor-widget-image\" data-id=\"7e148be\" data-element_type=\"widget\" data-e-type=\"widget\" data-widget_type=\"image.default\">\n\t\t\t\t<div class=\"elementor-widget-container\">\n\t\t\t\t\t\t\t\t\t\t\t\t\t\t\t<img decoding=\"async\" src=\"https:\/\/betterwinbonus.com\/wp-content\/uploads\/elementor\/thumbs\/visa-rg7i8fq22rqayv0awrbqp8svvf8kmy4838m1wxdhes.webp\" title=\"Visum\" alt=\"Visum\" loading=\"lazy\" \/>\t\t\t\t\t\t\t\t\t\t\t\t\t\t\t<\/div>\n\t\t\t\t<\/div>\n\t\t\t\t<div class=\"elementor-element elementor-element-5b7471e elementor-widget elementor-widget-image\" data-id=\"5b7471e\" data-element_type=\"widget\" data-e-type=\"widget\" data-widget_type=\"image.default\">\n\t\t\t\t<div class=\"elementor-widget-container\">\n\t\t\t\t\t\t\t\t\t\t\t\t\t\t\t<img decoding=\"async\" src=\"https:\/\/betterwinbonus.com\/wp-content\/uploads\/elementor\/thumbs\/mastercard-rg7i8fq22rqayv0awrbqp8svvf8kmy4838m1wxdhes.webp\" title=\"Mastercard\" alt=\"Mastercard\" loading=\"lazy\" \/>\t\t\t\t\t\t\t\t\t\t\t\t\t\t\t<\/div>\n\t\t\t\t<\/div>\n\t\t\t\t<div class=\"elementor-element elementor-element-0dd822e elementor-widget elementor-widget-image\" data-id=\"0dd822e\" data-element_type=\"widget\" data-e-type=\"widget\" data-widget_type=\"image.default\">\n\t\t\t\t<div class=\"elementor-widget-container\">\n\t\t\t\t\t\t\t\t\t\t\t\t\t\t\t<img decoding=\"async\" src=\"https:\/\/betterwinbonus.com\/wp-content\/uploads\/elementor\/thumbs\/bank-transfer-rg7i8fq22rqayv0awrbqp8svvf8kmy4838m1wxdhes.webp\" title=\"Bank\u00fcberweisung\" alt=\"Bank\u00fcberweisung\" loading=\"lazy\" \/>\t\t\t\t\t\t\t\t\t\t\t\t\t\t\t<\/div>\n\t\t\t\t<\/div>\n\t\t\t\t<div class=\"elementor-element elementor-element-df438fc elementor-widget elementor-widget-image\" data-id=\"df438fc\" data-element_type=\"widget\" data-e-type=\"widget\" data-widget_type=\"image.default\">\n\t\t\t\t<div class=\"elementor-widget-container\">\n\t\t\t\t\t\t\t\t\t\t\t\t\t\t\t<img decoding=\"async\" src=\"https:\/\/betterwinbonus.com\/wp-content\/uploads\/elementor\/thumbs\/skrill-rg7i8fq22rqayv0awrbqp8svvf8kmy4838m1wxdhes.webp\" title=\"Skrill\" alt=\"Skrill\" loading=\"lazy\" \/>\t\t\t\t\t\t\t\t\t\t\t\t\t\t\t<\/div>\n\t\t\t\t<\/div>\n\t\t\t\t<div class=\"elementor-element elementor-element-8eda485 elementor-widget elementor-widget-image\" data-id=\"8eda485\" data-element_type=\"widget\" data-e-type=\"widget\" data-widget_type=\"image.default\">\n\t\t\t\t<div class=\"elementor-widget-container\">\n\t\t\t\t\t\t\t\t\t\t\t\t\t\t\t<img decoding=\"async\" src=\"https:\/\/betterwinbonus.com\/wp-content\/uploads\/elementor\/thumbs\/neteller-rg7i8fq22rqayv0awrbqp8svvf8kmy4838m1wxdhes.webp\" title=\"neteller\" alt=\"neteller\" loading=\"lazy\" \/>\t\t\t\t\t\t\t\t\t\t\t\t\t\t\t<\/div>\n\t\t\t\t<\/div>\n\t\t\t\t<div class=\"elementor-element elementor-element-7abebb3 elementor-widget elementor-widget-image\" data-id=\"7abebb3\" data-element_type=\"widget\" data-e-type=\"widget\" data-widget_type=\"image.default\">\n\t\t\t\t<div class=\"elementor-widget-container\">\n\t\t\t\t\t\t\t\t\t\t\t\t\t\t\t<img decoding=\"async\" src=\"https:\/\/betterwinbonus.com\/wp-content\/uploads\/elementor\/thumbs\/jeton-rg7i8fq22rqayv0awrbqp8svvf8kmy4838m1wxdhes.webp\" title=\"jeton\" alt=\"jeton\" loading=\"lazy\" \/>\t\t\t\t\t\t\t\t\t\t\t\t\t\t\t<\/div>\n\t\t\t\t<\/div>\n\t\t\t\t<div class=\"elementor-element elementor-element-d067c9b elementor-widget elementor-widget-image\" data-id=\"d067c9b\" data-element_type=\"widget\" data-e-type=\"widget\" data-widget_type=\"image.default\">\n\t\t\t\t<div class=\"elementor-widget-container\">\n\t\t\t\t\t\t\t\t\t\t\t\t\t\t\t<img decoding=\"async\" src=\"https:\/\/betterwinbonus.com\/wp-content\/uploads\/elementor\/thumbs\/paysafecard-rg7i8fq22rqayv0awrbqp8svvf8kmy4838m1wxdhes.webp\" title=\"paysafecard\" alt=\"paysafecard\" loading=\"lazy\" \/>\t\t\t\t\t\t\t\t\t\t\t\t\t\t\t<\/div>\n\t\t\t\t<\/div>\n\t\t\t\t\t<\/div>\n\t\t\t\t<\/div>\n\t\t\t\t<\/div>\n\t\t","protected":false},"excerpt":{"rendered":"<p>100% Willkommensbonus bis zu 500\u20ac + 50 Freispiele Gewinnen Sie besser! Registrieren Sie sich Better Win Bonus &#8211; Exklusive Casino-Angebote &amp; gro\u00dfe Gewinne freischalten Suchen Sie nach den besten Casino-Aktionen und exklusiven Bonusangeboten? BetterWin Casino bietet Ihnen einen 100% Willkommensbonus bis zu 500 \u20ac\/$ + 50 Freispiele auf Ihre erste Einzahlung. BetterWin ist derzeit offline [&hellip;]<\/p>\n","protected":false},"author":1,"featured_media":0,"parent":0,"menu_order":0,"comment_status":"closed","ping_status":"closed","template":"","meta":{"footnotes":""},"class_list":["post-265","page","type-page","status-publish","hentry"],"_links":{"self":[{"href":"https:\/\/betterwinbonus.com\/de\/wp-json\/wp\/v2\/pages\/265","targetHints":{"allow":["GET"]}}],"collection":[{"href":"https:\/\/betterwinbonus.com\/de\/wp-json\/wp\/v2\/pages"}],"about":[{"href":"https:\/\/betterwinbonus.com\/de\/wp-json\/wp\/v2\/types\/page"}],"author":[{"embeddable":true,"href":"https:\/\/betterwinbonus.com\/de\/wp-json\/wp\/v2\/users\/1"}],"replies":[{"embeddable":true,"href":"https:\/\/betterwinbonus.com\/de\/wp-json\/wp\/v2\/comments?post=265"}],"version-history":[{"count":2,"href":"https:\/\/betterwinbonus.com\/de\/wp-json\/wp\/v2\/pages\/265\/revisions"}],"predecessor-version":[{"id":312,"href":"https:\/\/betterwinbonus.com\/de\/wp-json\/wp\/v2\/pages\/265\/revisions\/312"}],"wp:attachment":[{"href":"https:\/\/betterwinbonus.com\/de\/wp-json\/wp\/v2\/media?parent=265"}],"curies":[{"name":"wp","href":"https:\/\/api.w.org\/{rel}","templated":true}]}}