{"id":267,"date":"2025-03-26T10:07:44","date_gmt":"2025-03-26T10:07:44","guid":{"rendered":"https:\/\/betterwinbonus.com\/werbeaktionen\/"},"modified":"2025-03-26T10:30:39","modified_gmt":"2025-03-26T10:30:39","slug":"werbeaktionen","status":"publish","type":"page","link":"https:\/\/betterwinbonus.com\/de\/werbeaktionen\/","title":{"rendered":"Werbeaktionen"},"content":{"rendered":"\t\t<div data-elementor-type=\"wp-page\" data-elementor-id=\"267\" class=\"elementor elementor-267 elementor-173\" data-elementor-post-type=\"page\">\n\t\t\t\t<div class=\"elementor-element elementor-element-fd99554 e-flex e-con-boxed e-con e-parent\" data-id=\"fd99554\" data-element_type=\"container\" data-e-type=\"container\">\n\t\t\t\t\t<div class=\"e-con-inner\">\n\t\t<div class=\"elementor-element elementor-element-d955df0 e-con-full e-flex e-con e-child\" data-id=\"d955df0\" data-element_type=\"container\" data-e-type=\"container\">\n\t\t<div class=\"elementor-element elementor-element-cbb139e e-con-full e-flex e-con e-child\" data-id=\"cbb139e\" data-element_type=\"container\" data-e-type=\"container\">\n\t\t\t\t<div class=\"elementor-element elementor-element-ae2c317 elementor-widget elementor-widget-heading\" data-id=\"ae2c317\" data-element_type=\"widget\" data-e-type=\"widget\" data-widget_type=\"heading.default\">\n\t\t\t\t<div class=\"elementor-widget-container\">\n\t\t\t\t\t<h2 class=\"elementor-heading-title elementor-size-default\">100% Willkommensbonus bis zu 500\u20ac + 50 Freispiele<\/h2>\t\t\t\t<\/div>\n\t\t\t\t<\/div>\n\t\t\t\t<div class=\"elementor-element elementor-element-4a5ce65 elementor-widget elementor-widget-heading\" data-id=\"4a5ce65\" data-element_type=\"widget\" data-e-type=\"widget\" data-widget_type=\"heading.default\">\n\t\t\t\t<div class=\"elementor-widget-container\">\n\t\t\t\t\t<h3 class=\"elementor-heading-title elementor-size-default\">Gewinnen Sie besser!<\/h3>\t\t\t\t<\/div>\n\t\t\t\t<\/div>\n\t\t\t\t<div class=\"elementor-element elementor-element-e30eb80 elementor-widget elementor-widget-button\" data-id=\"e30eb80\" data-element_type=\"widget\" data-e-type=\"widget\" data-widget_type=\"button.default\">\n\t\t\t\t<div class=\"elementor-widget-container\">\n\t\t\t\t\t\t\t\t\t<div class=\"elementor-button-wrapper\">\n\t\t\t\t\t<a class=\"elementor-button elementor-button-link elementor-size-sm\" href=\"https:\/\/betterwinbonus.com\/play\/better-win\/\">\n\t\t\t\t\t\t<span class=\"elementor-button-content-wrapper\">\n\t\t\t\t\t\t\t\t\t<span class=\"elementor-button-text\">Registrieren Sie sich<\/span>\n\t\t\t\t\t<\/span>\n\t\t\t\t\t<\/a>\n\t\t\t\t<\/div>\n\t\t\t\t\t\t\t\t<\/div>\n\t\t\t\t<\/div>\n\t\t\t\t<\/div>\n\t\t\t\t<div class=\"elementor-element elementor-element-cd8dacc elementor-widget elementor-widget-image\" data-id=\"cd8dacc\" data-element_type=\"widget\" data-e-type=\"widget\" data-widget_type=\"image.default\">\n\t\t\t\t<div class=\"elementor-widget-container\">\n\t\t\t\t\t\t\t\t\t\t\t\t\t\t\t<img fetchpriority=\"high\" decoding=\"async\" width=\"500\" height=\"500\" src=\"https:\/\/betterwinbonus.com\/wp-content\/uploads\/2025\/03\/betterwin-promotions.png\" class=\"attachment-large size-large wp-image-261\" alt=\"\" srcset=\"https:\/\/betterwinbonus.com\/wp-content\/uploads\/2025\/03\/betterwin-promotions.png 500w, https:\/\/betterwinbonus.com\/wp-content\/uploads\/2025\/03\/betterwin-promotions-300x300.png 300w, https:\/\/betterwinbonus.com\/wp-content\/uploads\/2025\/03\/betterwin-promotions-150x150.png 150w\" sizes=\"(max-width: 500px) 100vw, 500px\" \/>\t\t\t\t\t\t\t\t\t\t\t\t\t\t\t<\/div>\n\t\t\t\t<\/div>\n\t\t\t\t<\/div>\n\t\t\t\t<div class=\"elementor-element elementor-element-8478325 elementor-widget elementor-widget-text-editor\" data-id=\"8478325\" data-element_type=\"widget\" data-e-type=\"widget\" data-widget_type=\"text-editor.default\">\n\t\t\t\t<div class=\"elementor-widget-container\">\n\t\t\t\t\t\t\t\t\t<h1 data-start=\"260\" data-end=\"339\">BetterWin-Aktionen<\/h1><h2 data-start=\"260\" data-end=\"339\">Holen Sie mehr aus jedem Spin mit w\u00f6chentlichen Belohnungen, Network Drops &amp; Turnieren<\/h2><p class=\"\" data-start=\"341\" data-end=\"555\">Suchen Sie nach mehr M\u00f6glichkeiten zu gewinnen? BetterWin Casino geht \u00fcber den Willkommensbonus hinaus und bietet einen prall gef\u00fcllten Kalender mit <strong data-start=\"444\" data-end=\"466\">laufenden Aktionen<\/strong> und <strong data-start=\"471\" data-end=\"491\">exklusiven Events<\/strong> von f\u00fchrenden Anbietern wie Kalamba, Playson und Spinomenal. <\/p><p class=\"\" data-start=\"557\" data-end=\"675\">Von <strong data-start=\"562\" data-end=\"581\">w\u00f6chentlichem Cashback<\/strong> bis hin zu <strong data-start=\"585\" data-end=\"608\">monatlichen Turnieren<\/strong> mit Preisgeldern in Millionenh\u00f6he &#8211; hier finden Sie, was Sie erwartet.<\/p><h3 class=\"\" data-start=\"682\" data-end=\"738\"><strong data-start=\"686\" data-end=\"736\">Kalamba Kash Drops &#8211; Gewinnen Sie einen Anteil von \u20ac3.000.000<\/strong><\/h3><p class=\"\" data-start=\"739\" data-end=\"906\">Die <strong data-start=\"749\" data-end=\"763\">Kash Drops-Kampagne<\/strong> von Kalamba l\u00e4uft vom <strong data-start=\"783\" data-end=\"812\">4. Februar bis zum 8. Mai 2025<\/strong> und gibt Spielern die Chance, <strong data-start=\"847\" data-end=\"869\">zuf\u00e4llige Bargeldpreise<\/strong> zu gewinnen, indem sie einfach die berechtigten Spiele drehen.<\/p><ul data-start=\"908\" data-end=\"1123\"><li class=\"\" data-start=\"908\" data-end=\"941\"><p class=\"\" data-start=\"910\" data-end=\"941\">\u00dcber <strong data-start=\"915\" data-end=\"929\">\u20ac3 Millionen<\/strong> an Preisen<\/p><\/li><li class=\"\" data-start=\"942\" data-end=\"991\"><p class=\"\" data-start=\"944\" data-end=\"991\">L\u00e4uft <strong data-start=\"953\" data-end=\"965\">13 Wochen<\/strong> lang, \u00fcber <strong data-start=\"974\" data-end=\"989\">4 Kampagnen<\/strong><\/p><\/li><li class=\"\" data-start=\"992\" data-end=\"1037\"><p class=\"\" data-start=\"994\" data-end=\"1037\">Spielen Sie eines der 37 teilnahmeberechtigten Kalamba-Spiele<\/p><\/li><li class=\"\" data-start=\"1038\" data-end=\"1064\"><p class=\"\" data-start=\"1040\" data-end=\"1064\">Mindestwette: <strong data-start=\"1053\" data-end=\"1062\">0,50 \u20ac.<\/strong><\/p><\/li><li class=\"\" data-start=\"1065\" data-end=\"1123\"><p class=\"\" data-start=\"1067\" data-end=\"1123\"><strong data-start=\"1067\" data-end=\"1091\">Die Preise fallen zuf\u00e4llig<\/strong> &#8211; keine Rangliste, kein Druck<\/p><\/li><\/ul><p class=\"\" data-start=\"1125\" data-end=\"1261\">Starten Sie mit neuen und beliebten Titeln wie <strong data-start=\"1170\" data-end=\"1200\">Snake Fortune Hold and Win<\/strong>, <strong data-start=\"1202\" data-end=\"1221\">Firebolt Max 7s<\/strong> und <strong data-start=\"1227\" data-end=\"1258\">Caribbean Anne Hold and Win<\/strong>.<\/p><h3 class=\"\" data-start=\"1268\" data-end=\"1327\"><strong data-start=\"1272\" data-end=\"1325\">W\u00f6chentlicher Cashback-Bonus &#8211; Jede Woche bis zu 25% zur\u00fcck<\/strong><\/h3><p class=\"\" data-start=\"1328\" data-end=\"1429\">Jeden Montag gibt BetterWin Ihnen einen Grund zum L\u00e4cheln &#8211; auch wenn die Woche davor nicht die gl\u00fccklichste war.<\/p><ul data-start=\"1431\" data-end=\"1636\"><li class=\"\" data-start=\"1431\" data-end=\"1487\"><p class=\"\" data-start=\"1433\" data-end=\"1487\">Erhalten Sie bis zu <strong data-start=\"1443\" data-end=\"1459\">25% Cashback<\/strong> auf Ihre w\u00f6chentlichen Nettoverluste<\/p><\/li><li class=\"\" data-start=\"1488\" data-end=\"1556\"><p class=\"\" data-start=\"1490\" data-end=\"1556\">Cashback beginnt bei <strong data-start=\"1509\" data-end=\"1515\">5%<\/strong> und steigt mit Ihrem <strong data-start=\"1537\" data-end=\"1554\">Treuelevel<\/strong>.<\/p><\/li><li class=\"\" data-start=\"1557\" data-end=\"1604\"><p class=\"\" data-start=\"1559\" data-end=\"1604\">Jeden <strong data-start=\"1574\" data-end=\"1584\">Montag<\/strong> gutgeschrieben, g\u00fcltig f\u00fcr 7 Tage<\/p><\/li><li class=\"\" data-start=\"1605\" data-end=\"1636\"><p class=\"\" data-start=\"1607\" data-end=\"1636\"><strong data-start=\"1607\" data-end=\"1634\">5x Wettanforderung<\/strong><\/p><\/li><\/ul><p class=\"\" data-start=\"1638\" data-end=\"1696\">Es ist die perfekte zweite Chance, um Ihre Woche umzukrempeln.<\/p><h3 class=\"\" data-start=\"1703\" data-end=\"1778\"><strong data-start=\"1707\" data-end=\"1776\">Playson CashDays &#8211; Monatliche Turniere mit \u20ac100.000+ Preispools<\/strong><\/h3><p class=\"\" data-start=\"1779\" data-end=\"1912\">Spielen Sie die besten Spielautomaten von Playson und klettern Sie in der Rangliste nach oben, um gro\u00df zu gewinnen. Die <strong data-start=\"1846\" data-end=\"1858\">CashDays-Veranstaltung<\/strong> l\u00e4uft vom <strong data-start=\"1879\" data-end=\"1911\">1. bis zum 8. eines jeden Monats<\/strong>. <\/p><ul data-start=\"1914\" data-end=\"2071\"><li class=\"\" data-start=\"1914\" data-end=\"1956\"><p class=\"\" data-start=\"1916\" data-end=\"1956\">Monatlicher Preispool: bis zu <strong data-start=\"1942\" data-end=\"1954\">\u20ac150.000<\/strong><\/p><\/li><li class=\"\" data-start=\"1957\" data-end=\"2004\"><p class=\"\" data-start=\"1959\" data-end=\"2004\">Punktesystem: jeder <strong data-start=\"1980\" data-end=\"2002\">gewonnene \u20ac1 = 10 Punkte<\/strong><\/p><\/li><li class=\"\" data-start=\"2005\" data-end=\"2044\"><p class=\"\" data-start=\"2007\" data-end=\"2044\">Spielen Sie ein beliebiges teilnehmendes Playson-Spiel<\/p><\/li><li class=\"\" data-start=\"2045\" data-end=\"2071\"><p class=\"\" data-start=\"2047\" data-end=\"2071\">Mindestwette: <strong data-start=\"2060\" data-end=\"2069\">\u20ac0,20<\/strong><\/p><\/li><\/ul><p class=\"\" data-start=\"2073\" data-end=\"2136\">Gewinne werden als <strong data-start=\"2098\" data-end=\"2111\">echtes Geld<\/strong> gutgeschrieben, ohne dass ein Einsatz erforderlich ist.<\/p><h3 class=\"\" data-start=\"2143\" data-end=\"2204\"><strong data-start=\"2147\" data-end=\"2202\">Playson Short Races &#8211; jeden Monat rasante Action<\/strong><\/h3><p class=\"\" data-start=\"2205\" data-end=\"2347\">Vom <strong data-start=\"2214\" data-end=\"2246\">9. bis zum Ende eines jeden Monats<\/strong> bieten Playson&#8217;s <strong data-start=\"2258\" data-end=\"2273\">Short Races<\/strong> mit k\u00fcrzeren, t\u00e4glichen und w\u00f6chentlichen Turnieren mehr Gewinnchancen.<\/p><ul data-start=\"2349\" data-end=\"2507\"><li class=\"\" data-start=\"2349\" data-end=\"2385\"><p class=\"\" data-start=\"2351\" data-end=\"2385\">Monatlicher Pool: bis zu <strong data-start=\"2371\" data-end=\"2383\">\u20ac150.000<\/strong><\/p><\/li><li class=\"\" data-start=\"2386\" data-end=\"2412\"><p class=\"\" data-start=\"2388\" data-end=\"2412\">Bestenlisten in Echtzeit<\/p><\/li><li class=\"\" data-start=\"2413\" data-end=\"2444\"><p class=\"\" data-start=\"2415\" data-end=\"2444\">Preis f\u00e4llt innerhalb von 72 Stunden<\/p><\/li><li class=\"\" data-start=\"2445\" data-end=\"2507\"><p class=\"\" data-start=\"2447\" data-end=\"2507\">Spiele wie <strong data-start=\"2461\" data-end=\"2478\">Buffalo Power<\/strong>, <strong data-start=\"2480\" data-end=\"2495\">Royal Coins<\/strong> und mehr<\/p><\/li><\/ul><p class=\"\" data-start=\"2509\" data-end=\"2561\">Jedes Rennen ist kurz, scharf und voller Action.<\/p><h3 class=\"\" data-start=\"2568\" data-end=\"2635\"><strong data-start=\"2572\" data-end=\"2633\">Non-Stop Drop &#8211; Gewinnen Sie sofort bei der \u20ac3,4 Millionen Kampagne von Playson<\/strong><\/h3><p class=\"\" data-start=\"2636\" data-end=\"2741\">Der <strong data-start=\"2681\" data-end=\"2698\">Non-Stop Drop<\/strong> l\u00e4uft von <strong data-start=\"2649\" data-end=\"2675\">Juli 2024 bis Juni 2025<\/strong> und ist Playsons ganzj\u00e4hriges Preisverleihungs-Event.<\/p><ul data-start=\"2743\" data-end=\"2880\"><li class=\"\" data-start=\"2743\" data-end=\"2781\"><p class=\"\" data-start=\"2745\" data-end=\"2781\">Gesamtpreisgeld: <strong data-start=\"2763\" data-end=\"2779\">3,4 Millionen \u20ac<\/strong>.<\/p><\/li><li class=\"\" data-start=\"2782\" data-end=\"2824\"><p class=\"\" data-start=\"2784\" data-end=\"2824\">Cash Blast Preise werden <strong data-start=\"2810\" data-end=\"2822\">zuf\u00e4llig<\/strong> vergeben<\/p><\/li><li class=\"\" data-start=\"2825\" data-end=\"2853\"><p class=\"\" data-start=\"2827\" data-end=\"2853\">Preisverfolgung in Echtzeit<\/p><\/li><li class=\"\" data-start=\"2854\" data-end=\"2880\"><p class=\"\" data-start=\"2856\" data-end=\"2880\">Mindestwette: <strong data-start=\"2869\" data-end=\"2878\">\u20ac0,20<\/strong><\/p><\/li><\/ul><p class=\"\" data-start=\"2882\" data-end=\"2942\">Jede Drehung kann einen Sofortgewinn ausl\u00f6sen &#8211; eine Rangliste ist nicht erforderlich.<\/p><h3 class=\"\" data-start=\"2949\" data-end=\"3011\"><strong data-start=\"2953\" data-end=\"3009\">Spinomenal Feiertagstropfen &#8211; St. Patrick&#8217;s Day Edition<\/strong><\/h3><p class=\"\" data-start=\"3012\" data-end=\"3137\">Spielen Sie vom <strong data-start=\"3017\" data-end=\"3046\">6. M\u00e4rz bis zum 31. M\u00e4rz 2025<\/strong> festliche Spielautomaten mit irischen Themen und nutzen Sie die Chance, <strong data-start=\"3103\" data-end=\"3134\">zuf\u00e4llige Holiday Drop-Belohnungen<\/strong> freizuschalten.<\/p><ul data-start=\"3139\" data-end=\"3372\"><li class=\"\" data-start=\"3139\" data-end=\"3172\"><p class=\"\" data-start=\"3141\" data-end=\"3172\">Kein zus\u00e4tzliches Opt-in erforderlich<\/p><\/li><li class=\"\" data-start=\"3173\" data-end=\"3210\"><p class=\"\" data-start=\"3175\" data-end=\"3210\">Spielen Sie Runden mit echtem Geld, um sich zu qualifizieren<\/p><\/li><li class=\"\" data-start=\"3211\" data-end=\"3265\"><p class=\"\" data-start=\"3213\" data-end=\"3265\">Wird zuf\u00e4llig w\u00e4hrend des Basisspiels oder der Gratisdrehs ausgel\u00f6st<\/p><\/li><li class=\"\" data-start=\"3266\" data-end=\"3372\"><p class=\"\" data-start=\"3268\" data-end=\"3372\">Zu den angebotenen Spielen geh\u00f6ren <strong data-start=\"3291\" data-end=\"3320\">Book of Lucky Mr. Patrick<\/strong> und <strong data-start=\"3325\" data-end=\"3370\">Joker&#8217;s Wild Ride &#8211; Patrick&#8217;s Day Edition<\/strong><\/p><\/li><\/ul><p class=\"\" data-start=\"3374\" data-end=\"3441\">Feiern Sie das Gl\u00fcck der Iren mit \u00fcberraschenden Gewinnen bei jedem Dreh.<\/p><h3 class=\"\" data-start=\"3448\" data-end=\"3479\">Sind Sie bereit, an der Aktion teilzunehmen?<\/h3><p class=\"\" data-start=\"3480\" data-end=\"3633\">Mit <strong data-start=\"3485\" data-end=\"3507\">Netzwerk-Promotionen<\/strong>, <strong data-start=\"3509\" data-end=\"3527\">Sofortgewinnen<\/strong> und <strong data-start=\"3533\" data-end=\"3552\">w\u00f6chentlichem Cashback<\/strong> sorgt BetterWin Casino daf\u00fcr, dass immer etwas Aufregendes am Horizont zu sehen ist.<\/p><p class=\"\" data-start=\"3635\" data-end=\"3766\"><strong data-start=\"3635\" data-end=\"3665\">Melden Sie sich an, zahlen Sie ein und spielen Sie<\/strong> Ihre Lieblings-Slots, um eine Chance auf Boni, echte Geldpreise und exklusive Gewinne zu haben &#8211; alles an einem Ort.<\/p>\t\t\t\t\t\t\t\t<\/div>\n\t\t\t\t<\/div>\n\t\t\t\t<div class=\"elementor-element elementor-element-a3c032d elementor-align-justify elementor-widget elementor-widget-global elementor-global-301 elementor-global-178 elementor-widget-button\" data-id=\"a3c032d\" data-element_type=\"widget\" data-e-type=\"widget\" data-widget_type=\"button.default\">\n\t\t\t\t<div class=\"elementor-widget-container\">\n\t\t\t\t\t\t\t\t\t<div class=\"elementor-button-wrapper\">\n\t\t\t\t\t<a class=\"elementor-button elementor-button-link elementor-size-sm\" href=\"https:\/\/betterwinbonus.com\/play\/better-win\/\">\n\t\t\t\t\t\t<span class=\"elementor-button-content-wrapper\">\n\t\t\t\t\t\t\t\t\t<span class=\"elementor-button-text\">Jetzt anmelden<\/span>\n\t\t\t\t\t<\/span>\n\t\t\t\t\t<\/a>\n\t\t\t\t<\/div>\n\t\t\t\t\t\t\t\t<\/div>\n\t\t\t\t<\/div>\n\t\t\t\t\t<\/div>\n\t\t\t\t<\/div>\n\t\t<div class=\"elementor-element elementor-element-4e87fbb8 e-flex e-con-boxed e-con e-parent\" data-id=\"4e87fbb8\" data-element_type=\"container\" data-e-type=\"container\" data-settings=\"{&quot;background_background&quot;:&quot;classic&quot;}\">\n\t\t\t\t\t<div class=\"e-con-inner\">\n\t\t\t\t<div class=\"elementor-element elementor-element-7cb67032 elementor-widget elementor-widget-image\" data-id=\"7cb67032\" data-element_type=\"widget\" data-e-type=\"widget\" data-widget_type=\"image.default\">\n\t\t\t\t<div class=\"elementor-widget-container\">\n\t\t\t\t\t\t\t\t\t\t\t\t\t\t\t<img decoding=\"async\" src=\"https:\/\/betterwinbonus.com\/wp-content\/uploads\/elementor\/thumbs\/visa-rg7i8fq22rqayv0awrbqp8svvf8kmy4838m1wxdhes.webp\" title=\"Visum\" alt=\"Visum\" loading=\"lazy\" \/>\t\t\t\t\t\t\t\t\t\t\t\t\t\t\t<\/div>\n\t\t\t\t<\/div>\n\t\t\t\t<div class=\"elementor-element elementor-element-74608de3 elementor-widget elementor-widget-image\" data-id=\"74608de3\" data-element_type=\"widget\" data-e-type=\"widget\" data-widget_type=\"image.default\">\n\t\t\t\t<div class=\"elementor-widget-container\">\n\t\t\t\t\t\t\t\t\t\t\t\t\t\t\t<img decoding=\"async\" src=\"https:\/\/betterwinbonus.com\/wp-content\/uploads\/elementor\/thumbs\/mastercard-rg7i8fq22rqayv0awrbqp8svvf8kmy4838m1wxdhes.webp\" title=\"Mastercard\" alt=\"Mastercard\" loading=\"lazy\" \/>\t\t\t\t\t\t\t\t\t\t\t\t\t\t\t<\/div>\n\t\t\t\t<\/div>\n\t\t\t\t<div class=\"elementor-element elementor-element-2b86bcf elementor-widget elementor-widget-image\" data-id=\"2b86bcf\" data-element_type=\"widget\" data-e-type=\"widget\" data-widget_type=\"image.default\">\n\t\t\t\t<div class=\"elementor-widget-container\">\n\t\t\t\t\t\t\t\t\t\t\t\t\t\t\t<img decoding=\"async\" src=\"https:\/\/betterwinbonus.com\/wp-content\/uploads\/elementor\/thumbs\/bank-transfer-rg7i8fq22rqayv0awrbqp8svvf8kmy4838m1wxdhes.webp\" title=\"Bank\u00fcberweisung\" alt=\"Bank\u00fcberweisung\" loading=\"lazy\" \/>\t\t\t\t\t\t\t\t\t\t\t\t\t\t\t<\/div>\n\t\t\t\t<\/div>\n\t\t\t\t<div class=\"elementor-element elementor-element-3084286b elementor-widget elementor-widget-image\" data-id=\"3084286b\" data-element_type=\"widget\" data-e-type=\"widget\" data-widget_type=\"image.default\">\n\t\t\t\t<div class=\"elementor-widget-container\">\n\t\t\t\t\t\t\t\t\t\t\t\t\t\t\t<img decoding=\"async\" src=\"https:\/\/betterwinbonus.com\/wp-content\/uploads\/elementor\/thumbs\/skrill-rg7i8fq22rqayv0awrbqp8svvf8kmy4838m1wxdhes.webp\" title=\"Skrill\" alt=\"Skrill\" loading=\"lazy\" \/>\t\t\t\t\t\t\t\t\t\t\t\t\t\t\t<\/div>\n\t\t\t\t<\/div>\n\t\t\t\t<div class=\"elementor-element elementor-element-138a8030 elementor-widget elementor-widget-image\" data-id=\"138a8030\" data-element_type=\"widget\" data-e-type=\"widget\" data-widget_type=\"image.default\">\n\t\t\t\t<div class=\"elementor-widget-container\">\n\t\t\t\t\t\t\t\t\t\t\t\t\t\t\t<img decoding=\"async\" src=\"https:\/\/betterwinbonus.com\/wp-content\/uploads\/elementor\/thumbs\/neteller-rg7i8fq22rqayv0awrbqp8svvf8kmy4838m1wxdhes.webp\" title=\"neteller\" alt=\"neteller\" loading=\"lazy\" \/>\t\t\t\t\t\t\t\t\t\t\t\t\t\t\t<\/div>\n\t\t\t\t<\/div>\n\t\t\t\t<div class=\"elementor-element elementor-element-3a831a94 elementor-widget elementor-widget-image\" data-id=\"3a831a94\" data-element_type=\"widget\" data-e-type=\"widget\" data-widget_type=\"image.default\">\n\t\t\t\t<div class=\"elementor-widget-container\">\n\t\t\t\t\t\t\t\t\t\t\t\t\t\t\t<img decoding=\"async\" src=\"https:\/\/betterwinbonus.com\/wp-content\/uploads\/elementor\/thumbs\/jeton-rg7i8fq22rqayv0awrbqp8svvf8kmy4838m1wxdhes.webp\" title=\"jeton\" alt=\"jeton\" loading=\"lazy\" \/>\t\t\t\t\t\t\t\t\t\t\t\t\t\t\t<\/div>\n\t\t\t\t<\/div>\n\t\t\t\t<div class=\"elementor-element elementor-element-6268e5d7 elementor-widget elementor-widget-image\" data-id=\"6268e5d7\" data-element_type=\"widget\" data-e-type=\"widget\" data-widget_type=\"image.default\">\n\t\t\t\t<div class=\"elementor-widget-container\">\n\t\t\t\t\t\t\t\t\t\t\t\t\t\t\t<img decoding=\"async\" src=\"https:\/\/betterwinbonus.com\/wp-content\/uploads\/elementor\/thumbs\/paysafecard-rg7i8fq22rqayv0awrbqp8svvf8kmy4838m1wxdhes.webp\" title=\"paysafecard\" alt=\"paysafecard\" loading=\"lazy\" \/>\t\t\t\t\t\t\t\t\t\t\t\t\t\t\t<\/div>\n\t\t\t\t<\/div>\n\t\t\t\t\t<\/div>\n\t\t\t\t<\/div>\n\t\t\t\t<\/div>\n\t\t","protected":false},"excerpt":{"rendered":"<p>100% Willkommensbonus bis zu 500\u20ac + 50 Freispiele Gewinnen Sie besser! Registrieren Sie sich BetterWin-Aktionen Holen Sie mehr aus jedem Spin mit w\u00f6chentlichen Belohnungen, Network Drops &amp; Turnieren Suchen Sie nach mehr M\u00f6glichkeiten zu gewinnen? BetterWin Casino geht \u00fcber den Willkommensbonus hinaus und bietet einen prall gef\u00fcllten Kalender mit laufenden Aktionen und exklusiven Events von [&hellip;]<\/p>\n","protected":false},"author":1,"featured_media":0,"parent":0,"menu_order":0,"comment_status":"closed","ping_status":"closed","template":"","meta":{"footnotes":""},"class_list":["post-267","page","type-page","status-publish","hentry"],"_links":{"self":[{"href":"https:\/\/betterwinbonus.com\/de\/wp-json\/wp\/v2\/pages\/267","targetHints":{"allow":["GET"]}}],"collection":[{"href":"https:\/\/betterwinbonus.com\/de\/wp-json\/wp\/v2\/pages"}],"about":[{"href":"https:\/\/betterwinbonus.com\/de\/wp-json\/wp\/v2\/types\/page"}],"author":[{"embeddable":true,"href":"https:\/\/betterwinbonus.com\/de\/wp-json\/wp\/v2\/users\/1"}],"replies":[{"embeddable":true,"href":"https:\/\/betterwinbonus.com\/de\/wp-json\/wp\/v2\/comments?post=267"}],"version-history":[{"count":1,"href":"https:\/\/betterwinbonus.com\/de\/wp-json\/wp\/v2\/pages\/267\/revisions"}],"predecessor-version":[{"id":268,"href":"https:\/\/betterwinbonus.com\/de\/wp-json\/wp\/v2\/pages\/267\/revisions\/268"}],"wp:attachment":[{"href":"https:\/\/betterwinbonus.com\/de\/wp-json\/wp\/v2\/media?parent=267"}],"curies":[{"name":"wp","href":"https:\/\/api.w.org\/{rel}","templated":true}]}}