{"id":263,"date":"2025-02-24T10:49:41","date_gmt":"2025-02-24T10:49:41","guid":{"rendered":"https:\/\/betterwinbonus.com\/etusivu\/"},"modified":"2025-11-18T05:48:25","modified_gmt":"2025-11-18T05:48:25","slug":"etusivu","status":"publish","type":"page","link":"https:\/\/betterwinbonus.com\/fi\/","title":{"rendered":"Etusivu"},"content":{"rendered":"\t\t<div data-elementor-type=\"wp-post\" data-elementor-id=\"263\" class=\"elementor elementor-263 elementor-13\" data-elementor-post-type=\"page\">\n\t\t\t\t<div class=\"elementor-element elementor-element-ae0a3f9 e-flex e-con-boxed e-con e-parent\" data-id=\"ae0a3f9\" data-element_type=\"container\" data-e-type=\"container\" data-settings=\"{&quot;background_background&quot;:&quot;classic&quot;}\">\n\t\t\t\t\t<div class=\"e-con-inner\">\n\t\t<div class=\"elementor-element elementor-element-d3e0b07 e-con-full e-flex e-con e-child\" data-id=\"d3e0b07\" data-element_type=\"container\" data-e-type=\"container\">\n\t\t<div class=\"elementor-element elementor-element-3aca200 e-con-full e-flex e-con e-child\" data-id=\"3aca200\" data-element_type=\"container\" data-e-type=\"container\">\n\t\t\t\t<div class=\"elementor-element elementor-element-9fa3695 elementor-widget elementor-widget-heading\" data-id=\"9fa3695\" data-element_type=\"widget\" data-e-type=\"widget\" data-widget_type=\"heading.default\">\n\t\t\t\t<div class=\"elementor-widget-container\">\n\t\t\t\t\t<h2 class=\"elementor-heading-title elementor-size-default\">100% tervetuliaisbonus jopa 500\u20ac + 50 ilmaiskierrosta<\/h2>\t\t\t\t<\/div>\n\t\t\t\t<\/div>\n\t\t\t\t<div class=\"elementor-element elementor-element-0bb9721 elementor-widget elementor-widget-heading\" data-id=\"0bb9721\" data-element_type=\"widget\" data-e-type=\"widget\" data-widget_type=\"heading.default\">\n\t\t\t\t<div class=\"elementor-widget-container\">\n\t\t\t\t\t<h3 class=\"elementor-heading-title elementor-size-default\">Sinun on parempi voittaa!<\/h3>\t\t\t\t<\/div>\n\t\t\t\t<\/div>\n\t\t\t\t<div class=\"elementor-element elementor-element-83919b2 elementor-widget elementor-widget-button\" data-id=\"83919b2\" data-element_type=\"widget\" data-e-type=\"widget\" data-widget_type=\"button.default\">\n\t\t\t\t<div class=\"elementor-widget-container\">\n\t\t\t\t\t\t\t\t\t<div class=\"elementor-button-wrapper\">\n\t\t\t\t\t<a class=\"elementor-button elementor-button-link elementor-size-sm\" href=\"https:\/\/betterwinbonus.com\/play\/better-win\/\">\n\t\t\t\t\t\t<span class=\"elementor-button-content-wrapper\">\n\t\t\t\t\t\t\t\t\t<span class=\"elementor-button-text\">Rekister\u00f6idy<\/span>\n\t\t\t\t\t<\/span>\n\t\t\t\t\t<\/a>\n\t\t\t\t<\/div>\n\t\t\t\t\t\t\t\t<\/div>\n\t\t\t\t<\/div>\n\t\t\t\t<\/div>\n\t\t\t\t<div class=\"elementor-element elementor-element-79d1a82 elementor-widget elementor-widget-image\" data-id=\"79d1a82\" data-element_type=\"widget\" data-e-type=\"widget\" data-widget_type=\"image.default\">\n\t\t\t\t<div class=\"elementor-widget-container\">\n\t\t\t\t\t\t\t\t\t\t\t\t\t\t\t<img fetchpriority=\"high\" decoding=\"async\" width=\"800\" height=\"739\" src=\"https:\/\/betterwinbonus.com\/wp-content\/uploads\/2025\/02\/background-home-banner.png\" class=\"attachment-large size-large wp-image-215\" alt=\"\" srcset=\"https:\/\/betterwinbonus.com\/wp-content\/uploads\/2025\/02\/background-home-banner.png 996w, https:\/\/betterwinbonus.com\/wp-content\/uploads\/2025\/02\/background-home-banner-300x277.png 300w, https:\/\/betterwinbonus.com\/wp-content\/uploads\/2025\/02\/background-home-banner-768x709.png 768w\" sizes=\"(max-width: 800px) 100vw, 800px\" \/>\t\t\t\t\t\t\t\t\t\t\t\t\t\t\t<\/div>\n\t\t\t\t<\/div>\n\t\t\t\t<\/div>\n\t\t\t\t<div class=\"elementor-element elementor-element-591dc99 elementor-widget elementor-widget-text-editor\" data-id=\"591dc99\" data-element_type=\"widget\" data-e-type=\"widget\" data-widget_type=\"text-editor.default\">\n\t\t\t\t<div class=\"elementor-widget-container\">\n\t\t\t\t\t\t\t\t\t<h3 data-start=\"49\" data-end=\"119\"><strong data-start=\"53\" data-end=\"117\">Better Win Bonus &#8211; Avaa eksklusiiviset kasinotarjoukset ja suuret voitot<\/strong><\/h3><p data-start=\"121\" data-end=\"303\">Etsitk\u00f6 parhaita kasinokampanjoita ja eksklusiivisia bonuksia? <strong data-start=\"183\" data-end=\"203\">BetterWin Casino<\/strong> tarjoaa sinulle <strong data-start=\"227\" data-end=\"278\">100% tervetuliaisbonuksen jopa \u20ac \/ $ 500 + 50 ilmaiskierrosta<\/strong> ensitalletuksestasi.<\/p><p data-start=\"121\" data-end=\"303\"><span style=\"color: #ff6600;\">BetterWin on t\u00e4ll\u00e4 hetkell\u00e4 offline-tilassa odottamassa uudelleenk\u00e4ynnistyst\u00e4 tarjotakseen sinulle paljon paremman kokemuksen. Sill\u00e4 v\u00e4lin saatat haluta tarkistaa <a style=\"color: #ff6600;\" href=\"https:\/\/woocasinoonline.com\/\" target=\"_blank\" rel=\"noopener\">WooCasinon<\/a> sen sijaan.   <\/span><\/p><h3 data-start=\"305\" data-end=\"373\"><strong data-start=\"309\" data-end=\"371\">BetterWin tervetuliaisbonus: 100% jopa 500 \u20ac \/ $ 50 ilmaiskierrosta<\/strong><\/h3><p data-start=\"375\" data-end=\"474\">Aloita pelimatkasi tehokkaalla tervetuliaispaketilla, joka kasvattaa pelikassaasi heti ensimm\u00e4isest\u00e4 p\u00e4iv\u00e4st\u00e4 l\u00e4htien.<\/p><ul data-start=\"476\" data-end=\"670\"><li data-start=\"476\" data-end=\"529\"><strong data-start=\"478\" data-end=\"505\">100% bonus jopa 500 \u20ac \/ $ 500<\/strong> ensimm\u00e4isest\u00e4 talletuksestasi<\/li><li data-start=\"530\" data-end=\"574\"><strong data-start=\"532\" data-end=\"549\">50 ilmaiskierrosta<\/strong> suosittuun kolikkopeliin<\/li><li data-start=\"575\" data-end=\"624\"><strong data-start=\"577\" data-end=\"603\">Minimitalletus: \u20ac\/$10<\/strong> tarjouksen lunastamiseen<\/li><li data-start=\"625\" data-end=\"670\"><strong data-start=\"627\" data-end=\"655\">30-kertainen kierr\u00e4tysvaatimus<\/strong> bonukselle<\/li><\/ul><p data-start=\"672\" data-end=\"780\">Rekister\u00f6idy nyt ja tuplaa ensitalletuksesi heti nauttien samalla ilmaiskierroksista yhdess\u00e4 kuumimmista kolikkopeleist\u00e4.<\/p><h3 data-start=\"782\" data-end=\"821\"><strong data-start=\"786\" data-end=\"819\">Miksi pelata BetterWin Casinolla?<\/strong><\/h3><ul data-start=\"823\" data-end=\"1193\"><li data-start=\"823\" data-end=\"918\"><strong data-start=\"825\" data-end=\"850\">Huippuluokan kasinopelit<\/strong> &#8211; Tutustu satoihin l\u00e4ht\u00f6- ja saapumisaikoihin, p\u00f6yt\u00e4peleihin ja live-j\u00e4lleenmyyj\u00e4vaihtoehtoihin.<\/li><li data-start=\"919\" data-end=\"1005\"><strong data-start=\"921\" data-end=\"945\">Eksklusiiviset kampanjat<\/strong> &#8211; Avaa jatkuvat bonukset, k\u00e4teispalautustarjoukset ja ilmaiskierrokset.<\/li><li data-start=\"1006\" data-end=\"1106\"><strong data-start=\"1008\" data-end=\"1034\">Nopeat ja turvalliset maksut<\/strong> &#8211; Talleta ja kotiuta luotetuilla maksutavoilla, mukaan lukien kryptomaksut.<\/li><li data-start=\"1107\" data-end=\"1193\"><strong data-start=\"1109\" data-end=\"1136\">Mobiilioptimoitu pelaaminen<\/strong> &#8211; Pelaa milloin ja miss\u00e4 tahansa saumattomalla mobiilipelaamisella.<\/li><\/ul><h3 data-start=\"1195\" data-end=\"1246\"><strong data-start=\"1199\" data-end=\"1244\">Kuinka lunastaa BetterWin tervetuliaisbonuksesi<\/strong><\/h3><ol data-start=\"1248\" data-end=\"1519\"><li data-start=\"1248\" data-end=\"1335\"><strong data-start=\"1251\" data-end=\"1276\">Luo ilmainen tili<\/strong> &#8211; Klikkaa <strong data-start=\"1285\" data-end=\"1296\">Rekister\u00f6idy<\/strong> ja suorita nopea rekister\u00f6inti.<\/li><li data-start=\"1336\" data-end=\"1419\"><strong data-start=\"1339\" data-end=\"1366\">Tee ensitalletus<\/strong> &#8211; Talleta <strong data-start=\"1377\" data-end=\"1394\">v\u00e4hint\u00e4\u00e4n 10 \u20ac<\/strong> aktivoidaksesi tarjouksen.<\/li><li data-start=\"1420\" data-end=\"1519\"><strong data-start=\"1423\" data-end=\"1453\">Nauti bonuksesta ja kierroksista<\/strong> &#8211; Hanki <strong data-start=\"1462\" data-end=\"1498\">100 %:n ottelubonus sek\u00e4 ilmaiskierroksia<\/strong> ja aloita pelaaminen.<\/li><\/ol><p data-start=\"1521\" data-end=\"1642\">Mahdollisuus suuriin voittoihin alkaa nyt. Hy\u00f6dynn\u00e4 t\u00e4m\u00e4 eksklusiivinen kasinobonus ja tee ensitalletus t\u00e4n\u00e4\u00e4n.<\/p><p data-start=\"1644\" data-end=\"1682\"><strong data-start=\"1644\" data-end=\"1680\">Klikkaa alta lunastaaksesi bonuksesi.<\/strong><\/p><p data-start=\"1684\" data-end=\"1753\"><em data-start=\"1684\" data-end=\"1751\">Yleiset ehdot ja bonusehdot ovat voimassa. 18+ | Pelaa vastuullisesti.<\/em><\/p>\t\t\t\t\t\t\t\t<\/div>\n\t\t\t\t<\/div>\n\t\t\t\t<div class=\"elementor-element elementor-element-33ac588 elementor-align-justify elementor-widget elementor-widget-global elementor-global-297 elementor-global-178 elementor-widget-button\" data-id=\"33ac588\" data-element_type=\"widget\" data-e-type=\"widget\" data-widget_type=\"button.default\">\n\t\t\t\t<div class=\"elementor-widget-container\">\n\t\t\t\t\t\t\t\t\t<div class=\"elementor-button-wrapper\">\n\t\t\t\t\t<a class=\"elementor-button elementor-button-link elementor-size-sm\" href=\"https:\/\/betterwinbonus.com\/play\/better-win\/\">\n\t\t\t\t\t\t<span class=\"elementor-button-content-wrapper\">\n\t\t\t\t\t\t\t\t\t<span class=\"elementor-button-text\">Rekister\u00f6idy nyt<\/span>\n\t\t\t\t\t<\/span>\n\t\t\t\t\t<\/a>\n\t\t\t\t<\/div>\n\t\t\t\t\t\t\t\t<\/div>\n\t\t\t\t<\/div>\n\t\t\t\t\t<\/div>\n\t\t\t\t<\/div>\n\t\t<div class=\"elementor-element elementor-element-c91a681 e-flex e-con-boxed e-con e-parent\" data-id=\"c91a681\" data-element_type=\"container\" data-e-type=\"container\" data-settings=\"{&quot;background_background&quot;:&quot;classic&quot;}\">\n\t\t\t\t\t<div class=\"e-con-inner\">\n\t\t\t\t<div class=\"elementor-element elementor-element-7e148be elementor-widget elementor-widget-image\" data-id=\"7e148be\" data-element_type=\"widget\" data-e-type=\"widget\" data-widget_type=\"image.default\">\n\t\t\t\t<div class=\"elementor-widget-container\">\n\t\t\t\t\t\t\t\t\t\t\t\t\t\t\t<img decoding=\"async\" src=\"https:\/\/betterwinbonus.com\/wp-content\/uploads\/elementor\/thumbs\/visa-rg7i8fq22rqayv0awrbqp8svvf8kmy4838m1wxdhes.webp\" title=\"visa\" alt=\"visa\" loading=\"lazy\" \/>\t\t\t\t\t\t\t\t\t\t\t\t\t\t\t<\/div>\n\t\t\t\t<\/div>\n\t\t\t\t<div class=\"elementor-element elementor-element-5b7471e elementor-widget elementor-widget-image\" data-id=\"5b7471e\" data-element_type=\"widget\" data-e-type=\"widget\" data-widget_type=\"image.default\">\n\t\t\t\t<div class=\"elementor-widget-container\">\n\t\t\t\t\t\t\t\t\t\t\t\t\t\t\t<img decoding=\"async\" src=\"https:\/\/betterwinbonus.com\/wp-content\/uploads\/elementor\/thumbs\/mastercard-rg7i8fq22rqayv0awrbqp8svvf8kmy4838m1wxdhes.webp\" title=\"mastercard\" alt=\"mastercard\" loading=\"lazy\" \/>\t\t\t\t\t\t\t\t\t\t\t\t\t\t\t<\/div>\n\t\t\t\t<\/div>\n\t\t\t\t<div class=\"elementor-element elementor-element-0dd822e elementor-widget elementor-widget-image\" data-id=\"0dd822e\" data-element_type=\"widget\" data-e-type=\"widget\" data-widget_type=\"image.default\">\n\t\t\t\t<div class=\"elementor-widget-container\">\n\t\t\t\t\t\t\t\t\t\t\t\t\t\t\t<img decoding=\"async\" src=\"https:\/\/betterwinbonus.com\/wp-content\/uploads\/elementor\/thumbs\/bank-transfer-rg7i8fq22rqayv0awrbqp8svvf8kmy4838m1wxdhes.webp\" title=\"pankkisiirto\" alt=\"pankkisiirto\" loading=\"lazy\" \/>\t\t\t\t\t\t\t\t\t\t\t\t\t\t\t<\/div>\n\t\t\t\t<\/div>\n\t\t\t\t<div class=\"elementor-element elementor-element-df438fc elementor-widget elementor-widget-image\" data-id=\"df438fc\" data-element_type=\"widget\" data-e-type=\"widget\" data-widget_type=\"image.default\">\n\t\t\t\t<div class=\"elementor-widget-container\">\n\t\t\t\t\t\t\t\t\t\t\t\t\t\t\t<img decoding=\"async\" src=\"https:\/\/betterwinbonus.com\/wp-content\/uploads\/elementor\/thumbs\/skrill-rg7i8fq22rqayv0awrbqp8svvf8kmy4838m1wxdhes.webp\" title=\"skrill\" alt=\"skrill\" loading=\"lazy\" \/>\t\t\t\t\t\t\t\t\t\t\t\t\t\t\t<\/div>\n\t\t\t\t<\/div>\n\t\t\t\t<div class=\"elementor-element elementor-element-8eda485 elementor-widget elementor-widget-image\" data-id=\"8eda485\" data-element_type=\"widget\" data-e-type=\"widget\" data-widget_type=\"image.default\">\n\t\t\t\t<div class=\"elementor-widget-container\">\n\t\t\t\t\t\t\t\t\t\t\t\t\t\t\t<img decoding=\"async\" src=\"https:\/\/betterwinbonus.com\/wp-content\/uploads\/elementor\/thumbs\/neteller-rg7i8fq22rqayv0awrbqp8svvf8kmy4838m1wxdhes.webp\" title=\"neteller\" alt=\"neteller\" loading=\"lazy\" \/>\t\t\t\t\t\t\t\t\t\t\t\t\t\t\t<\/div>\n\t\t\t\t<\/div>\n\t\t\t\t<div class=\"elementor-element elementor-element-7abebb3 elementor-widget elementor-widget-image\" data-id=\"7abebb3\" data-element_type=\"widget\" data-e-type=\"widget\" data-widget_type=\"image.default\">\n\t\t\t\t<div class=\"elementor-widget-container\">\n\t\t\t\t\t\t\t\t\t\t\t\t\t\t\t<img decoding=\"async\" src=\"https:\/\/betterwinbonus.com\/wp-content\/uploads\/elementor\/thumbs\/jeton-rg7i8fq22rqayv0awrbqp8svvf8kmy4838m1wxdhes.webp\" title=\"jeton\" alt=\"jeton\" loading=\"lazy\" \/>\t\t\t\t\t\t\t\t\t\t\t\t\t\t\t<\/div>\n\t\t\t\t<\/div>\n\t\t\t\t<div class=\"elementor-element elementor-element-d067c9b elementor-widget elementor-widget-image\" data-id=\"d067c9b\" data-element_type=\"widget\" data-e-type=\"widget\" data-widget_type=\"image.default\">\n\t\t\t\t<div class=\"elementor-widget-container\">\n\t\t\t\t\t\t\t\t\t\t\t\t\t\t\t<img decoding=\"async\" src=\"https:\/\/betterwinbonus.com\/wp-content\/uploads\/elementor\/thumbs\/paysafecard-rg7i8fq22rqayv0awrbqp8svvf8kmy4838m1wxdhes.webp\" title=\"paysafecard\" alt=\"paysafecard\" loading=\"lazy\" \/>\t\t\t\t\t\t\t\t\t\t\t\t\t\t\t<\/div>\n\t\t\t\t<\/div>\n\t\t\t\t\t<\/div>\n\t\t\t\t<\/div>\n\t\t\t\t<\/div>\n\t\t","protected":false},"excerpt":{"rendered":"<p>100% tervetuliaisbonus jopa 500\u20ac + 50 ilmaiskierrosta Sinun on parempi voittaa! Rekister\u00f6idy Better Win Bonus &#8211; Avaa eksklusiiviset kasinotarjoukset ja suuret voitot Etsitk\u00f6 parhaita kasinokampanjoita ja eksklusiivisia bonuksia? BetterWin Casino tarjoaa sinulle 100% tervetuliaisbonuksen jopa \u20ac \/ $ 500 + 50 ilmaiskierrosta ensitalletuksestasi. BetterWin on t\u00e4ll\u00e4 hetkell\u00e4 offline-tilassa odottamassa uudelleenk\u00e4ynnistyst\u00e4 tarjotakseen sinulle paljon paremman kokemuksen. [&hellip;]<\/p>\n","protected":false},"author":1,"featured_media":0,"parent":0,"menu_order":0,"comment_status":"closed","ping_status":"closed","template":"","meta":{"footnotes":""},"class_list":["post-263","page","type-page","status-publish","hentry"],"_links":{"self":[{"href":"https:\/\/betterwinbonus.com\/fi\/wp-json\/wp\/v2\/pages\/263","targetHints":{"allow":["GET"]}}],"collection":[{"href":"https:\/\/betterwinbonus.com\/fi\/wp-json\/wp\/v2\/pages"}],"about":[{"href":"https:\/\/betterwinbonus.com\/fi\/wp-json\/wp\/v2\/types\/page"}],"author":[{"embeddable":true,"href":"https:\/\/betterwinbonus.com\/fi\/wp-json\/wp\/v2\/users\/1"}],"replies":[{"embeddable":true,"href":"https:\/\/betterwinbonus.com\/fi\/wp-json\/wp\/v2\/comments?post=263"}],"version-history":[{"count":2,"href":"https:\/\/betterwinbonus.com\/fi\/wp-json\/wp\/v2\/pages\/263\/revisions"}],"predecessor-version":[{"id":311,"href":"https:\/\/betterwinbonus.com\/fi\/wp-json\/wp\/v2\/pages\/263\/revisions\/311"}],"wp:attachment":[{"href":"https:\/\/betterwinbonus.com\/fi\/wp-json\/wp\/v2\/media?parent=263"}],"curies":[{"name":"wp","href":"https:\/\/api.w.org\/{rel}","templated":true}]}}