{"id":269,"date":"2025-03-26T10:07:44","date_gmt":"2025-03-26T10:07:44","guid":{"rendered":"https:\/\/betterwinbonus.com\/kampanjat\/"},"modified":"2025-03-26T10:30:40","modified_gmt":"2025-03-26T10:30:40","slug":"kampanjat","status":"publish","type":"page","link":"https:\/\/betterwinbonus.com\/fi\/kampanjat\/","title":{"rendered":"Kampanjat"},"content":{"rendered":"\t\t<div data-elementor-type=\"wp-page\" data-elementor-id=\"269\" class=\"elementor elementor-269 elementor-173\" data-elementor-post-type=\"page\">\n\t\t\t\t<div class=\"elementor-element elementor-element-fd99554 e-flex e-con-boxed e-con e-parent\" data-id=\"fd99554\" data-element_type=\"container\" data-e-type=\"container\">\n\t\t\t\t\t<div class=\"e-con-inner\">\n\t\t<div class=\"elementor-element elementor-element-d955df0 e-con-full e-flex e-con e-child\" data-id=\"d955df0\" data-element_type=\"container\" data-e-type=\"container\">\n\t\t<div class=\"elementor-element elementor-element-cbb139e e-con-full e-flex e-con e-child\" data-id=\"cbb139e\" data-element_type=\"container\" data-e-type=\"container\">\n\t\t\t\t<div class=\"elementor-element elementor-element-ae2c317 elementor-widget elementor-widget-heading\" data-id=\"ae2c317\" data-element_type=\"widget\" data-e-type=\"widget\" data-widget_type=\"heading.default\">\n\t\t\t\t<div class=\"elementor-widget-container\">\n\t\t\t\t\t<h2 class=\"elementor-heading-title elementor-size-default\">100% tervetuliaisbonus jopa 500\u20ac + 50 ilmaiskierrosta<\/h2>\t\t\t\t<\/div>\n\t\t\t\t<\/div>\n\t\t\t\t<div class=\"elementor-element elementor-element-4a5ce65 elementor-widget elementor-widget-heading\" data-id=\"4a5ce65\" data-element_type=\"widget\" data-e-type=\"widget\" data-widget_type=\"heading.default\">\n\t\t\t\t<div class=\"elementor-widget-container\">\n\t\t\t\t\t<h3 class=\"elementor-heading-title elementor-size-default\">Sinun on parempi voittaa!<\/h3>\t\t\t\t<\/div>\n\t\t\t\t<\/div>\n\t\t\t\t<div class=\"elementor-element elementor-element-e30eb80 elementor-widget elementor-widget-button\" data-id=\"e30eb80\" data-element_type=\"widget\" data-e-type=\"widget\" data-widget_type=\"button.default\">\n\t\t\t\t<div class=\"elementor-widget-container\">\n\t\t\t\t\t\t\t\t\t<div class=\"elementor-button-wrapper\">\n\t\t\t\t\t<a class=\"elementor-button elementor-button-link elementor-size-sm\" href=\"https:\/\/betterwinbonus.com\/play\/better-win\/\">\n\t\t\t\t\t\t<span class=\"elementor-button-content-wrapper\">\n\t\t\t\t\t\t\t\t\t<span class=\"elementor-button-text\">Rekister\u00f6idy<\/span>\n\t\t\t\t\t<\/span>\n\t\t\t\t\t<\/a>\n\t\t\t\t<\/div>\n\t\t\t\t\t\t\t\t<\/div>\n\t\t\t\t<\/div>\n\t\t\t\t<\/div>\n\t\t\t\t<div class=\"elementor-element elementor-element-cd8dacc elementor-widget elementor-widget-image\" data-id=\"cd8dacc\" data-element_type=\"widget\" data-e-type=\"widget\" data-widget_type=\"image.default\">\n\t\t\t\t<div class=\"elementor-widget-container\">\n\t\t\t\t\t\t\t\t\t\t\t\t\t\t\t<img fetchpriority=\"high\" decoding=\"async\" width=\"500\" height=\"500\" src=\"https:\/\/betterwinbonus.com\/wp-content\/uploads\/2025\/03\/betterwin-promotions.png\" class=\"attachment-large size-large wp-image-260\" alt=\"\" srcset=\"https:\/\/betterwinbonus.com\/wp-content\/uploads\/2025\/03\/betterwin-promotions.png 500w, https:\/\/betterwinbonus.com\/wp-content\/uploads\/2025\/03\/betterwin-promotions-300x300.png 300w, https:\/\/betterwinbonus.com\/wp-content\/uploads\/2025\/03\/betterwin-promotions-150x150.png 150w\" sizes=\"(max-width: 500px) 100vw, 500px\" \/>\t\t\t\t\t\t\t\t\t\t\t\t\t\t\t<\/div>\n\t\t\t\t<\/div>\n\t\t\t\t<\/div>\n\t\t\t\t<div class=\"elementor-element elementor-element-8478325 elementor-widget elementor-widget-text-editor\" data-id=\"8478325\" data-element_type=\"widget\" data-e-type=\"widget\" data-widget_type=\"text-editor.default\">\n\t\t\t\t<div class=\"elementor-widget-container\">\n\t\t\t\t\t\t\t\t\t<h1 data-start=\"260\" data-end=\"339\">BetterWin-kampanjat<\/h1><h2 data-start=\"260\" data-end=\"339\">Saat enemm\u00e4n jokaisesta kierroksesta viikoittaisilla palkinnoilla, verkostopudotuksilla ja turnauksilla.<\/h2><p class=\"\" data-start=\"341\" data-end=\"555\">Etsitk\u00f6 lis\u00e4\u00e4 tapoja voittaa? BetterWin Casino menee tervetuliaisbonusta pidemm\u00e4lle ja tarjoaa t\u00e4yden kalenterin <strong data-start=\"444\" data-end=\"466\">jatkuvia kampanjoita<\/strong> ja <strong data-start=\"471\" data-end=\"491\">eksklusiivisia tapahtumia<\/strong> johtavilta palveluntarjoajilta, kuten Kalamba, Playson ja Spinomenal. <\/p><p class=\"\" data-start=\"557\" data-end=\"675\"><strong data-start=\"562\" data-end=\"581\">Viikoittaisesta k\u00e4teispalautuksesta<\/strong> <strong data-start=\"585\" data-end=\"608\">kuukausittaisiin turnauksiin<\/strong>, joiden palkintopotit ovat miljoonia, t\u00e4ss\u00e4 on mit\u00e4 sinua odottaa.<\/p><h3 class=\"\" data-start=\"682\" data-end=\"738\"><strong data-start=\"686\" data-end=\"736\">Kalamba Kash Drops &#8211; Voita osuus \u20ac 3,000,000:sta<\/strong><\/h3><p class=\"\" data-start=\"739\" data-end=\"906\">Kalamban <strong data-start=\"749\" data-end=\"763\">Kash Drops<\/strong> -kampanja kest\u00e4\u00e4 <strong data-start=\"783\" data-end=\"812\">4. helmikuuta &#8211; 8. toukokuuta 2025<\/strong> ja antaa pelaajille mahdollisuuden voittaa <strong data-start=\"847\" data-end=\"869\">satunnaisia k\u00e4teispalkintoja<\/strong> yksinkertaisesti py\u00f6ritt\u00e4m\u00e4ll\u00e4 hyv\u00e4ksytt\u00e4vi\u00e4 pelej\u00e4.<\/p><ul data-start=\"908\" data-end=\"1123\"><li class=\"\" data-start=\"908\" data-end=\"941\"><p class=\"\" data-start=\"910\" data-end=\"941\">Yli <strong data-start=\"915\" data-end=\"929\">3 miljoonaa euroa<\/strong> palkintoina<\/p><\/li><li class=\"\" data-start=\"942\" data-end=\"991\"><p class=\"\" data-start=\"944\" data-end=\"991\">Kest\u00e4\u00e4 <strong data-start=\"953\" data-end=\"965\">13<\/strong> viikkoa, <strong data-start=\"974\" data-end=\"989\">4 kampanjaa<\/strong><\/p><\/li><li class=\"\" data-start=\"992\" data-end=\"1037\"><p class=\"\" data-start=\"994\" data-end=\"1037\">Pelaa mit\u00e4 tahansa 37 tukikelpoisesta Kalamba-pelist\u00e4.<\/p><\/li><li class=\"\" data-start=\"1038\" data-end=\"1064\"><p class=\"\" data-start=\"1040\" data-end=\"1064\">Minimipanos: <strong data-start=\"1053\" data-end=\"1062\">0,50 \u20ac<\/strong><\/p><\/li><li class=\"\" data-start=\"1065\" data-end=\"1123\"><p class=\"\" data-start=\"1067\" data-end=\"1123\"><strong data-start=\"1067\" data-end=\"1091\">Palkinnot tipahtavat satunnaisesti<\/strong> &#8211; ei tulostaulukkoa, ei paineita.<\/p><\/li><\/ul><p class=\"\" data-start=\"1125\" data-end=\"1261\">Aloita uusista ja suosituista nimikkeist\u00e4, kuten <strong data-start=\"1170\" data-end=\"1200\">Snake Fortune Hold and Win<\/strong>, <strong data-start=\"1202\" data-end=\"1221\">Firebolt Max 7s<\/strong> ja <strong data-start=\"1227\" data-end=\"1258\">Caribbean Anne Hold and Win<\/strong>.<\/p><h3 class=\"\" data-start=\"1268\" data-end=\"1327\"><strong data-start=\"1272\" data-end=\"1325\">Viikoittainen k\u00e4teispalautusbonus &#8211; jopa 25 % takaisin joka viikko<\/strong><\/h3><p class=\"\" data-start=\"1328\" data-end=\"1429\">BetterWin antaa sinulle joka maanantai syyn hymyill\u00e4 &#8211; vaikka edellinen viikko ei olisikaan ollut onnekkain.<\/p><ul data-start=\"1431\" data-end=\"1636\"><li class=\"\" data-start=\"1431\" data-end=\"1487\"><p class=\"\" data-start=\"1433\" data-end=\"1487\">Saat jopa <strong data-start=\"1443\" data-end=\"1459\">25 % k\u00e4teispalautuksen<\/strong> viikoittaisista nettotappioistasi.<\/p><\/li><li class=\"\" data-start=\"1488\" data-end=\"1556\"><p class=\"\" data-start=\"1490\" data-end=\"1556\">K\u00e4teispalautus alkaa <strong data-start=\"1509\" data-end=\"1515\">5 %:lla<\/strong>, ja se kasvaa <strong data-start=\"1537\" data-end=\"1554\">uskollisuustasosi<\/strong> mukaan.<\/p><\/li><li class=\"\" data-start=\"1557\" data-end=\"1604\"><p class=\"\" data-start=\"1559\" data-end=\"1604\">Hyvitet\u00e4\u00e4n joka <strong data-start=\"1574\" data-end=\"1584\">maanantai<\/strong>, voimassa 7 p\u00e4iv\u00e4\u00e4<\/p><\/li><li class=\"\" data-start=\"1605\" data-end=\"1636\"><p class=\"\" data-start=\"1607\" data-end=\"1636\"><strong data-start=\"1607\" data-end=\"1634\">5x panostusvaatimus<\/strong><\/p><\/li><\/ul><p class=\"\" data-start=\"1638\" data-end=\"1696\">Se on t\u00e4ydellinen toinen tilaisuus k\u00e4\u00e4nt\u00e4\u00e4 viikkosi ymp\u00e4ri.<\/p><h3 class=\"\" data-start=\"1703\" data-end=\"1778\"><strong data-start=\"1707\" data-end=\"1776\">Playson CashDays &#8211; Kuukausittaiset turnaukset, joissa on yli 100 000 euron palkintopotit<\/strong><\/h3><p class=\"\" data-start=\"1779\" data-end=\"1912\">Pelaa Playsonin parhaita kolikkopelej\u00e4 ja kiipe\u00e4 johtoportaaseen voittaaksesi suuria voittoja. <strong data-start=\"1846\" data-end=\"1858\">CashDays-tapahtuma<\/strong> on k\u00e4ynniss\u00e4 <strong data-start=\"1879\" data-end=\"1911\">kunkin kuukauden 1.-8.<\/strong> p\u00e4iv\u00e4. <\/p><ul data-start=\"1914\" data-end=\"2071\"><li class=\"\" data-start=\"1914\" data-end=\"1956\"><p class=\"\" data-start=\"1916\" data-end=\"1956\">Kuukausittainen palkintopotti: jopa <strong data-start=\"1942\" data-end=\"1954\">150 000 euroa.<\/strong><\/p><\/li><li class=\"\" data-start=\"1957\" data-end=\"2004\"><p class=\"\" data-start=\"1959\" data-end=\"2004\">Pistej\u00e4rjestelm\u00e4: jokainen <strong data-start=\"1980\" data-end=\"2002\">voitettu 1 \u20ac = 10 pistett\u00e4<\/strong>.<\/p><\/li><li class=\"\" data-start=\"2005\" data-end=\"2044\"><p class=\"\" data-start=\"2007\" data-end=\"2044\">Pelaa mit\u00e4 tahansa osallistuvaa Playson-peli\u00e4<\/p><\/li><li class=\"\" data-start=\"2045\" data-end=\"2071\"><p class=\"\" data-start=\"2047\" data-end=\"2071\">Minimipanos: <strong data-start=\"2060\" data-end=\"2069\">0,20 \u20ac<\/strong><\/p><\/li><\/ul><p class=\"\" data-start=\"2073\" data-end=\"2136\">Voitot hyvitet\u00e4\u00e4n <strong data-start=\"2098\" data-end=\"2111\">oikeana k\u00e4teisen\u00e4<\/strong>, eik\u00e4 panostusta tarvita.<\/p><h3 class=\"\" data-start=\"2143\" data-end=\"2204\"><strong data-start=\"2147\" data-end=\"2202\">Playson Short Races &#8211; nopeatempoista toimintaa joka kuukausi<\/strong><\/h3><p class=\"\" data-start=\"2205\" data-end=\"2347\">Playsonin <strong data-start=\"2258\" data-end=\"2273\">Short Races<\/strong> tarjoaa <strong data-start=\"2214\" data-end=\"2246\">9. p\u00e4iv\u00e4st\u00e4 jokaisen kuukauden loppuun<\/strong> lis\u00e4\u00e4 mahdollisuuksia voittaa lyhyemmill\u00e4, p\u00e4ivitt\u00e4isill\u00e4 ja viikoittaisilla turnauksilla.<\/p><ul data-start=\"2349\" data-end=\"2507\"><li class=\"\" data-start=\"2349\" data-end=\"2385\"><p class=\"\" data-start=\"2351\" data-end=\"2385\">Kuukausipotti: enint\u00e4\u00e4n <strong data-start=\"2371\" data-end=\"2383\">150 000 euroa<\/strong>.<\/p><\/li><li class=\"\" data-start=\"2386\" data-end=\"2412\"><p class=\"\" data-start=\"2388\" data-end=\"2412\">Reaaliaikaiset tulostaulut<\/p><\/li><li class=\"\" data-start=\"2413\" data-end=\"2444\"><p class=\"\" data-start=\"2415\" data-end=\"2444\">Palkinto putoaa 72 tunnin kuluessa<\/p><\/li><li class=\"\" data-start=\"2445\" data-end=\"2507\"><p class=\"\" data-start=\"2447\" data-end=\"2507\">Peleihin kuuluvat <strong data-start=\"2461\" data-end=\"2478\">Buffalo Power<\/strong>, <strong data-start=\"2480\" data-end=\"2495\">Royal Coins<\/strong> ja muut pelit<\/p><\/li><\/ul><p class=\"\" data-start=\"2509\" data-end=\"2561\">Jokainen kilpailu on lyhyt, ter\u00e4v\u00e4 ja t\u00e4ynn\u00e4 toimintaa.<\/p><h3 class=\"\" data-start=\"2568\" data-end=\"2635\"><strong data-start=\"2572\" data-end=\"2633\">Non-Stop Drop &#8211; Voita heti Playsonin 3,4 miljoonan euron kampanjassa.<\/strong><\/h3><p class=\"\" data-start=\"2636\" data-end=\"2741\"><strong data-start=\"2649\" data-end=\"2675\">Hein\u00e4kuusta 2024 kes\u00e4kuuhun 2025<\/strong> kest\u00e4v\u00e4 <strong data-start=\"2681\" data-end=\"2698\">Non-Stop Drop<\/strong> on Playsonin vuoden mittainen palkintojen pudotustapahtuma.<\/p><ul data-start=\"2743\" data-end=\"2880\"><li class=\"\" data-start=\"2743\" data-end=\"2781\"><p class=\"\" data-start=\"2745\" data-end=\"2781\">Palkintopotti yhteens\u00e4: <strong data-start=\"2763\" data-end=\"2779\">3,4 miljoonaa euroa<\/strong><\/p><\/li><li class=\"\" data-start=\"2782\" data-end=\"2824\"><p class=\"\" data-start=\"2784\" data-end=\"2824\">Cash Blast -palkinnot jaetaan <strong data-start=\"2810\" data-end=\"2822\">satunnaisesti<\/strong><\/p><\/li><li class=\"\" data-start=\"2825\" data-end=\"2853\"><p class=\"\" data-start=\"2827\" data-end=\"2853\">Reaaliaikainen palkintojen seuranta<\/p><\/li><li class=\"\" data-start=\"2854\" data-end=\"2880\"><p class=\"\" data-start=\"2856\" data-end=\"2880\">Minimipanos: <strong data-start=\"2869\" data-end=\"2878\">0,20 \u20ac<\/strong><\/p><\/li><\/ul><p class=\"\" data-start=\"2882\" data-end=\"2942\">Mik\u00e4 tahansa py\u00f6r\u00e4ytys voi laukaista pikavoiton &#8211; ei tarvita pistetaulukkoa.<\/p><h3 class=\"\" data-start=\"2949\" data-end=\"3011\"><strong data-start=\"2953\" data-end=\"3009\">Spinomenal Holiday Drops &#8211; Pyh\u00e4n Patrickin p\u00e4iv\u00e4n versio<\/strong><\/h3><p class=\"\" data-start=\"3012\" data-end=\"3137\">Pelaa juhlavia irlantilaisaiheisia kolikkopelej\u00e4 <strong data-start=\"3017\" data-end=\"3046\">6. maaliskuuta &#8211; 31. maaliskuuta 2025<\/strong> ja saat mahdollisuuden avata <strong data-start=\"3103\" data-end=\"3134\">satunnaisia Holiday Drop -palkintoja<\/strong>.<\/p><ul data-start=\"3139\" data-end=\"3372\"><li class=\"\" data-start=\"3139\" data-end=\"3172\"><p class=\"\" data-start=\"3141\" data-end=\"3172\">Ei vaadita ylim\u00e4\u00e4r\u00e4ist\u00e4 opt-in-ilmoittautumista<\/p><\/li><li class=\"\" data-start=\"3173\" data-end=\"3210\"><p class=\"\" data-start=\"3175\" data-end=\"3210\">Pelaa oikean rahan kierroksia saadaksesi oikeutuksen<\/p><\/li><li class=\"\" data-start=\"3211\" data-end=\"3265\"><p class=\"\" data-start=\"3213\" data-end=\"3265\">Aktivoituu satunnaisesti peruspelin tai ilmaiskierrosten aikana.<\/p><\/li><li class=\"\" data-start=\"3266\" data-end=\"3372\"><p class=\"\" data-start=\"3268\" data-end=\"3372\">Mukana olevat pelit ovat <strong data-start=\"3291\" data-end=\"3320\">Book of Lucky Mr. Patrick<\/strong> ja <strong data-start=\"3325\" data-end=\"3370\">Joker&#8217;s Wild Ride &#8211; Patrick&#8217;s Day Edition.<\/strong><\/p><\/li><\/ul><p class=\"\" data-start=\"3374\" data-end=\"3441\">Juhli irlantilaista onnea yll\u00e4tysvoitoilla jokaisella py\u00f6r\u00e4ytyksell\u00e4.<\/p><h3 class=\"\" data-start=\"3448\" data-end=\"3479\">Oletko valmis osallistumaan toimintaan?<\/h3><p class=\"\" data-start=\"3480\" data-end=\"3633\"><strong data-start=\"3485\" data-end=\"3507\">Verkostokampanjoiden<\/strong>, <strong data-start=\"3509\" data-end=\"3527\">v\u00e4litt\u00f6mien palkintojen<\/strong> ja <strong data-start=\"3533\" data-end=\"3552\">viikoittaisten k\u00e4teispalautusten<\/strong> avulla BetterWin Casino varmistaa, ett\u00e4 horisontissa on aina jotain j\u00e4nnitt\u00e4v\u00e4\u00e4.<\/p><p class=\"\" data-start=\"3635\" data-end=\"3766\"><strong data-start=\"3635\" data-end=\"3665\">Rekister\u00f6idy, talleta ja pelaa<\/strong> suosikkikolikkopelej\u00e4si saadaksesi bonuksia, oikeita rahapalkintoja ja eksklusiivisia pudotuksia &#8211; kaikki yhdess\u00e4 paikassa.<\/p>\t\t\t\t\t\t\t\t<\/div>\n\t\t\t\t<\/div>\n\t\t\t\t<div class=\"elementor-element elementor-element-a3c032d elementor-align-justify elementor-widget elementor-widget-global elementor-global-297 elementor-global-178 elementor-widget-button\" data-id=\"a3c032d\" data-element_type=\"widget\" data-e-type=\"widget\" data-widget_type=\"button.default\">\n\t\t\t\t<div class=\"elementor-widget-container\">\n\t\t\t\t\t\t\t\t\t<div class=\"elementor-button-wrapper\">\n\t\t\t\t\t<a class=\"elementor-button elementor-button-link elementor-size-sm\" href=\"https:\/\/betterwinbonus.com\/play\/better-win\/\">\n\t\t\t\t\t\t<span class=\"elementor-button-content-wrapper\">\n\t\t\t\t\t\t\t\t\t<span class=\"elementor-button-text\">Rekister\u00f6idy nyt<\/span>\n\t\t\t\t\t<\/span>\n\t\t\t\t\t<\/a>\n\t\t\t\t<\/div>\n\t\t\t\t\t\t\t\t<\/div>\n\t\t\t\t<\/div>\n\t\t\t\t\t<\/div>\n\t\t\t\t<\/div>\n\t\t<div class=\"elementor-element elementor-element-4e87fbb8 e-flex e-con-boxed e-con e-parent\" data-id=\"4e87fbb8\" data-element_type=\"container\" data-e-type=\"container\" data-settings=\"{&quot;background_background&quot;:&quot;classic&quot;}\">\n\t\t\t\t\t<div class=\"e-con-inner\">\n\t\t\t\t<div class=\"elementor-element elementor-element-7cb67032 elementor-widget elementor-widget-image\" data-id=\"7cb67032\" data-element_type=\"widget\" data-e-type=\"widget\" data-widget_type=\"image.default\">\n\t\t\t\t<div class=\"elementor-widget-container\">\n\t\t\t\t\t\t\t\t\t\t\t\t\t\t\t<img decoding=\"async\" src=\"https:\/\/betterwinbonus.com\/wp-content\/uploads\/elementor\/thumbs\/visa-rg7i8fq22rqayv0awrbqp8svvf8kmy4838m1wxdhes.webp\" title=\"visa\" alt=\"visa\" loading=\"lazy\" \/>\t\t\t\t\t\t\t\t\t\t\t\t\t\t\t<\/div>\n\t\t\t\t<\/div>\n\t\t\t\t<div class=\"elementor-element elementor-element-74608de3 elementor-widget elementor-widget-image\" data-id=\"74608de3\" data-element_type=\"widget\" data-e-type=\"widget\" data-widget_type=\"image.default\">\n\t\t\t\t<div class=\"elementor-widget-container\">\n\t\t\t\t\t\t\t\t\t\t\t\t\t\t\t<img decoding=\"async\" src=\"https:\/\/betterwinbonus.com\/wp-content\/uploads\/elementor\/thumbs\/mastercard-rg7i8fq22rqayv0awrbqp8svvf8kmy4838m1wxdhes.webp\" title=\"mastercard\" alt=\"mastercard\" loading=\"lazy\" \/>\t\t\t\t\t\t\t\t\t\t\t\t\t\t\t<\/div>\n\t\t\t\t<\/div>\n\t\t\t\t<div class=\"elementor-element elementor-element-2b86bcf elementor-widget elementor-widget-image\" data-id=\"2b86bcf\" data-element_type=\"widget\" data-e-type=\"widget\" data-widget_type=\"image.default\">\n\t\t\t\t<div class=\"elementor-widget-container\">\n\t\t\t\t\t\t\t\t\t\t\t\t\t\t\t<img decoding=\"async\" src=\"https:\/\/betterwinbonus.com\/wp-content\/uploads\/elementor\/thumbs\/bank-transfer-rg7i8fq22rqayv0awrbqp8svvf8kmy4838m1wxdhes.webp\" title=\"pankkisiirto\" alt=\"pankkisiirto\" loading=\"lazy\" \/>\t\t\t\t\t\t\t\t\t\t\t\t\t\t\t<\/div>\n\t\t\t\t<\/div>\n\t\t\t\t<div class=\"elementor-element elementor-element-3084286b elementor-widget elementor-widget-image\" data-id=\"3084286b\" data-element_type=\"widget\" data-e-type=\"widget\" data-widget_type=\"image.default\">\n\t\t\t\t<div class=\"elementor-widget-container\">\n\t\t\t\t\t\t\t\t\t\t\t\t\t\t\t<img decoding=\"async\" src=\"https:\/\/betterwinbonus.com\/wp-content\/uploads\/elementor\/thumbs\/skrill-rg7i8fq22rqayv0awrbqp8svvf8kmy4838m1wxdhes.webp\" title=\"skrill\" alt=\"skrill\" loading=\"lazy\" \/>\t\t\t\t\t\t\t\t\t\t\t\t\t\t\t<\/div>\n\t\t\t\t<\/div>\n\t\t\t\t<div class=\"elementor-element elementor-element-138a8030 elementor-widget elementor-widget-image\" data-id=\"138a8030\" data-element_type=\"widget\" data-e-type=\"widget\" data-widget_type=\"image.default\">\n\t\t\t\t<div class=\"elementor-widget-container\">\n\t\t\t\t\t\t\t\t\t\t\t\t\t\t\t<img decoding=\"async\" src=\"https:\/\/betterwinbonus.com\/wp-content\/uploads\/elementor\/thumbs\/neteller-rg7i8fq22rqayv0awrbqp8svvf8kmy4838m1wxdhes.webp\" title=\"neteller\" alt=\"neteller\" loading=\"lazy\" \/>\t\t\t\t\t\t\t\t\t\t\t\t\t\t\t<\/div>\n\t\t\t\t<\/div>\n\t\t\t\t<div class=\"elementor-element elementor-element-3a831a94 elementor-widget elementor-widget-image\" data-id=\"3a831a94\" data-element_type=\"widget\" data-e-type=\"widget\" data-widget_type=\"image.default\">\n\t\t\t\t<div class=\"elementor-widget-container\">\n\t\t\t\t\t\t\t\t\t\t\t\t\t\t\t<img decoding=\"async\" src=\"https:\/\/betterwinbonus.com\/wp-content\/uploads\/elementor\/thumbs\/jeton-rg7i8fq22rqayv0awrbqp8svvf8kmy4838m1wxdhes.webp\" title=\"jeton\" alt=\"jeton\" loading=\"lazy\" \/>\t\t\t\t\t\t\t\t\t\t\t\t\t\t\t<\/div>\n\t\t\t\t<\/div>\n\t\t\t\t<div class=\"elementor-element elementor-element-6268e5d7 elementor-widget elementor-widget-image\" data-id=\"6268e5d7\" data-element_type=\"widget\" data-e-type=\"widget\" data-widget_type=\"image.default\">\n\t\t\t\t<div class=\"elementor-widget-container\">\n\t\t\t\t\t\t\t\t\t\t\t\t\t\t\t<img decoding=\"async\" src=\"https:\/\/betterwinbonus.com\/wp-content\/uploads\/elementor\/thumbs\/paysafecard-rg7i8fq22rqayv0awrbqp8svvf8kmy4838m1wxdhes.webp\" title=\"paysafecard\" alt=\"paysafecard\" loading=\"lazy\" \/>\t\t\t\t\t\t\t\t\t\t\t\t\t\t\t<\/div>\n\t\t\t\t<\/div>\n\t\t\t\t\t<\/div>\n\t\t\t\t<\/div>\n\t\t\t\t<\/div>\n\t\t","protected":false},"excerpt":{"rendered":"<p>100% tervetuliaisbonus jopa 500\u20ac + 50 ilmaiskierrosta Sinun on parempi voittaa! Rekister\u00f6idy BetterWin-kampanjat Saat enemm\u00e4n jokaisesta kierroksesta viikoittaisilla palkinnoilla, verkostopudotuksilla ja turnauksilla. Etsitk\u00f6 lis\u00e4\u00e4 tapoja voittaa? BetterWin Casino menee tervetuliaisbonusta pidemm\u00e4lle ja tarjoaa t\u00e4yden kalenterin jatkuvia kampanjoita ja eksklusiivisia tapahtumia johtavilta palveluntarjoajilta, kuten Kalamba, Playson ja Spinomenal. Viikoittaisesta k\u00e4teispalautuksesta kuukausittaisiin turnauksiin, joiden palkintopotit ovat miljoonia, [&hellip;]<\/p>\n","protected":false},"author":1,"featured_media":0,"parent":0,"menu_order":0,"comment_status":"closed","ping_status":"closed","template":"","meta":{"footnotes":""},"class_list":["post-269","page","type-page","status-publish","hentry"],"_links":{"self":[{"href":"https:\/\/betterwinbonus.com\/fi\/wp-json\/wp\/v2\/pages\/269","targetHints":{"allow":["GET"]}}],"collection":[{"href":"https:\/\/betterwinbonus.com\/fi\/wp-json\/wp\/v2\/pages"}],"about":[{"href":"https:\/\/betterwinbonus.com\/fi\/wp-json\/wp\/v2\/types\/page"}],"author":[{"embeddable":true,"href":"https:\/\/betterwinbonus.com\/fi\/wp-json\/wp\/v2\/users\/1"}],"replies":[{"embeddable":true,"href":"https:\/\/betterwinbonus.com\/fi\/wp-json\/wp\/v2\/comments?post=269"}],"version-history":[{"count":1,"href":"https:\/\/betterwinbonus.com\/fi\/wp-json\/wp\/v2\/pages\/269\/revisions"}],"predecessor-version":[{"id":270,"href":"https:\/\/betterwinbonus.com\/fi\/wp-json\/wp\/v2\/pages\/269\/revisions\/270"}],"wp:attachment":[{"href":"https:\/\/betterwinbonus.com\/fi\/wp-json\/wp\/v2\/media?parent=269"}],"curies":[{"name":"wp","href":"https:\/\/api.w.org\/{rel}","templated":true}]}}