{"id":271,"date":"2025-02-24T10:49:41","date_gmt":"2025-02-24T10:49:41","guid":{"rendered":"https:\/\/betterwinbonus.com\/hjem\/"},"modified":"2025-11-18T05:53:33","modified_gmt":"2025-11-18T05:53:33","slug":"hjem","status":"publish","type":"page","link":"https:\/\/betterwinbonus.com\/no\/","title":{"rendered":"Hjem"},"content":{"rendered":"\t\t<div data-elementor-type=\"wp-post\" data-elementor-id=\"271\" class=\"elementor elementor-271 elementor-13\" data-elementor-post-type=\"page\">\n\t\t\t\t<div class=\"elementor-element elementor-element-ae0a3f9 e-flex e-con-boxed e-con e-parent\" data-id=\"ae0a3f9\" data-element_type=\"container\" data-e-type=\"container\" data-settings=\"{&quot;background_background&quot;:&quot;classic&quot;}\">\n\t\t\t\t\t<div class=\"e-con-inner\">\n\t\t<div class=\"elementor-element elementor-element-d3e0b07 e-con-full e-flex e-con e-child\" data-id=\"d3e0b07\" data-element_type=\"container\" data-e-type=\"container\">\n\t\t<div class=\"elementor-element elementor-element-3aca200 e-con-full e-flex e-con e-child\" data-id=\"3aca200\" data-element_type=\"container\" data-e-type=\"container\">\n\t\t\t\t<div class=\"elementor-element elementor-element-9fa3695 elementor-widget elementor-widget-heading\" data-id=\"9fa3695\" data-element_type=\"widget\" data-e-type=\"widget\" data-widget_type=\"heading.default\">\n\t\t\t\t<div class=\"elementor-widget-container\">\n\t\t\t\t\t<h2 class=\"elementor-heading-title elementor-size-default\">100 % velkomstbonus opp til 500 \u20ac + 50 gratisspinn<\/h2>\t\t\t\t<\/div>\n\t\t\t\t<\/div>\n\t\t\t\t<div class=\"elementor-element elementor-element-0bb9721 elementor-widget elementor-widget-heading\" data-id=\"0bb9721\" data-element_type=\"widget\" data-e-type=\"widget\" data-widget_type=\"heading.default\">\n\t\t\t\t<div class=\"elementor-widget-container\">\n\t\t\t\t\t<h3 class=\"elementor-heading-title elementor-size-default\">Du b\u00f8r vinne!<\/h3>\t\t\t\t<\/div>\n\t\t\t\t<\/div>\n\t\t\t\t<div class=\"elementor-element elementor-element-83919b2 elementor-widget elementor-widget-button\" data-id=\"83919b2\" data-element_type=\"widget\" data-e-type=\"widget\" data-widget_type=\"button.default\">\n\t\t\t\t<div class=\"elementor-widget-container\">\n\t\t\t\t\t\t\t\t\t<div class=\"elementor-button-wrapper\">\n\t\t\t\t\t<a class=\"elementor-button elementor-button-link elementor-size-sm\" href=\"https:\/\/betterwinbonus.com\/play\/better-win\/\">\n\t\t\t\t\t\t<span class=\"elementor-button-content-wrapper\">\n\t\t\t\t\t\t\t\t\t<span class=\"elementor-button-text\">Registrer deg<\/span>\n\t\t\t\t\t<\/span>\n\t\t\t\t\t<\/a>\n\t\t\t\t<\/div>\n\t\t\t\t\t\t\t\t<\/div>\n\t\t\t\t<\/div>\n\t\t\t\t<\/div>\n\t\t\t\t<div class=\"elementor-element elementor-element-79d1a82 elementor-widget elementor-widget-image\" data-id=\"79d1a82\" data-element_type=\"widget\" data-e-type=\"widget\" data-widget_type=\"image.default\">\n\t\t\t\t<div class=\"elementor-widget-container\">\n\t\t\t\t\t\t\t\t\t\t\t\t\t\t\t<img fetchpriority=\"high\" decoding=\"async\" width=\"800\" height=\"739\" src=\"https:\/\/betterwinbonus.com\/wp-content\/uploads\/2025\/02\/background-home-banner.png\" class=\"attachment-large size-large wp-image-217\" alt=\"\" srcset=\"https:\/\/betterwinbonus.com\/wp-content\/uploads\/2025\/02\/background-home-banner.png 996w, https:\/\/betterwinbonus.com\/wp-content\/uploads\/2025\/02\/background-home-banner-300x277.png 300w, https:\/\/betterwinbonus.com\/wp-content\/uploads\/2025\/02\/background-home-banner-768x709.png 768w\" sizes=\"(max-width: 800px) 100vw, 800px\" \/>\t\t\t\t\t\t\t\t\t\t\t\t\t\t\t<\/div>\n\t\t\t\t<\/div>\n\t\t\t\t<\/div>\n\t\t\t\t<div class=\"elementor-element elementor-element-591dc99 elementor-widget elementor-widget-text-editor\" data-id=\"591dc99\" data-element_type=\"widget\" data-e-type=\"widget\" data-widget_type=\"text-editor.default\">\n\t\t\t\t<div class=\"elementor-widget-container\">\n\t\t\t\t\t\t\t\t\t<h3 data-start=\"49\" data-end=\"119\"><strong data-start=\"53\" data-end=\"117\">Bedre gevinstbonus &#8211; L\u00e5s opp eksklusive kasinotilbud og store gevinster<\/strong><\/h3><p data-start=\"121\" data-end=\"303\">Leter du etter de beste casinokampanjene og eksklusive bonusene? <strong data-start=\"183\" data-end=\"203\">BetterWin Casino<\/strong> har dekket deg med en <strong data-start=\"227\" data-end=\"278\">100% velkomstbonus opp til \u20ac \/ $ 500 + 50 gratisspinn<\/strong> p\u00e5 ditt f\u00f8rste innskudd.<\/p><p data-start=\"121\" data-end=\"303\"><span style=\"color: #ff6600;\">BetterWin er for \u00f8yeblikket offline i p\u00e5vente av en relansering for \u00e5 tilby deg en mye bedre opplevelse. I mellomtiden kan det v\u00e6re lurt \u00e5 sjekke <a style=\"color: #ff6600;\" href=\"https:\/\/woocasinoonline.com\/\" target=\"_blank\" rel=\"noopener\">WooCasino<\/a> i stedet.   <\/span><\/p><h3 data-start=\"305\" data-end=\"373\"><strong data-start=\"309\" data-end=\"371\">BetterWin velkomstbonus: 100 % opp til \u20ac\/$500 + 50 gratisspinn<\/strong><\/h3><p data-start=\"375\" data-end=\"474\">Start spillreisen din med en kraftig velkomstpakke som \u00f8ker bankrollen din fra dag \u00e9n.<\/p><ul data-start=\"476\" data-end=\"670\"><li data-start=\"476\" data-end=\"529\"><strong data-start=\"478\" data-end=\"505\">100 % bonus opp til \u20ac\/$500<\/strong> p\u00e5 ditt f\u00f8rste innskudd<\/li><li data-start=\"530\" data-end=\"574\"><strong data-start=\"532\" data-end=\"549\">50 gratisspinn<\/strong> p\u00e5 en popul\u00e6r spilleautomat<\/li><li data-start=\"575\" data-end=\"624\"><strong data-start=\"577\" data-end=\"603\">Minimumsinnskudd: \u20ac\/$10<\/strong> for \u00e5 gj\u00f8re krav p\u00e5 tilbudet<\/li><li data-start=\"625\" data-end=\"670\"><strong data-start=\"627\" data-end=\"655\">30x omsetningskrav<\/strong> p\u00e5 bonusen<\/li><\/ul><p data-start=\"672\" data-end=\"780\">Registrer deg n\u00e5 og doble ditt f\u00f8rste innskudd umiddelbart mens du nyter gratisspinn p\u00e5 en av de hotteste spilleautomatene.<\/p><h3 data-start=\"782\" data-end=\"821\"><strong data-start=\"786\" data-end=\"819\">Hvorfor spille p\u00e5 BetterWin Casino?<\/strong><\/h3><ul data-start=\"823\" data-end=\"1193\"><li data-start=\"823\" data-end=\"918\"><strong data-start=\"825\" data-end=\"850\">Topp kasinospill<\/strong> &#8211; Utforsk hundrevis av spilleautomater, bordspill og live dealer-alternativer<\/li><li data-start=\"919\" data-end=\"1005\"><strong data-start=\"921\" data-end=\"945\">Eksklusive kampanjer<\/strong> &#8211; L\u00e5s opp l\u00f8pende bonuser, cashback-tilbud og gratisspinn<\/li><li data-start=\"1006\" data-end=\"1106\"><strong data-start=\"1008\" data-end=\"1034\">Raske og sikre<\/strong> betalinger &#8211; Innskudd og uttak med p\u00e5litelige betalingsmetoder, inkludert krypto<\/li><li data-start=\"1107\" data-end=\"1193\"><strong data-start=\"1109\" data-end=\"1136\">Mobiloptimalisert spilling<\/strong> &#8211; spill n\u00e5r som helst og hvor som helst med s\u00f8ml\u00f8s mobilspill<\/li><\/ul><h3 data-start=\"1195\" data-end=\"1246\"><strong data-start=\"1199\" data-end=\"1244\">Slik gj\u00f8r du krav p\u00e5 velkomstbonusen din hos BetterWin<\/strong><\/h3><ol data-start=\"1248\" data-end=\"1519\"><li data-start=\"1248\" data-end=\"1335\">Opprett <strong data-start=\"1251\" data-end=\"1276\">en gratis konto<\/strong> &#8211; Klikk p\u00e5 <strong data-start=\"1285\" data-end=\"1296\">Registrer<\/strong> deg og fullf\u00f8r den raske registreringen.<\/li><li data-start=\"1336\" data-end=\"1419\"><strong data-start=\"1339\" data-end=\"1366\">Gj\u00f8r ditt f\u00f8rste innskudd<\/strong> &#8211; Sett inn <strong data-start=\"1377\" data-end=\"1394\">\u20ac\/$10 eller mer<\/strong> for \u00e5 aktivere tilbudet.<\/li><li data-start=\"1420\" data-end=\"1519\"><strong data-start=\"1423\" data-end=\"1453\">Nyt bonusen og spinnene dine<\/strong> &#8211; F\u00e5 en <strong data-start=\"1462\" data-end=\"1498\">100% matchbonus pluss gratisspinn<\/strong> og begynn \u00e5 spille.<\/li><\/ol><p data-start=\"1521\" data-end=\"1642\">Muligheten til \u00e5 vinne stort begynner n\u00e5. Dra nytte av denne eksklusive casinobonusen og gj\u00f8r ditt f\u00f8rste innskudd i dag.<\/p><p data-start=\"1644\" data-end=\"1682\"><strong data-start=\"1644\" data-end=\"1680\">Klikk nedenfor for \u00e5 kreve bonusen din.<\/strong><\/p><p data-start=\"1684\" data-end=\"1753\"><em data-start=\"1684\" data-end=\"1751\">Generelle vilk\u00e5r og bonusbetingelser gjelder. 18+ | Spill p\u00e5 en ansvarlig m\u00e5te.<\/em><\/p>\t\t\t\t\t\t\t\t<\/div>\n\t\t\t\t<\/div>\n\t\t\t\t<div class=\"elementor-element elementor-element-33ac588 elementor-align-justify elementor-widget elementor-widget-global elementor-global-299 elementor-global-178 elementor-widget-button\" data-id=\"33ac588\" data-element_type=\"widget\" data-e-type=\"widget\" data-widget_type=\"button.default\">\n\t\t\t\t<div class=\"elementor-widget-container\">\n\t\t\t\t\t\t\t\t\t<div class=\"elementor-button-wrapper\">\n\t\t\t\t\t<a class=\"elementor-button elementor-button-link elementor-size-sm\" href=\"https:\/\/betterwinbonus.com\/play\/better-win\/\">\n\t\t\t\t\t\t<span class=\"elementor-button-content-wrapper\">\n\t\t\t\t\t\t\t\t\t<span class=\"elementor-button-text\">Registrer deg n\u00e5<\/span>\n\t\t\t\t\t<\/span>\n\t\t\t\t\t<\/a>\n\t\t\t\t<\/div>\n\t\t\t\t\t\t\t\t<\/div>\n\t\t\t\t<\/div>\n\t\t\t\t\t<\/div>\n\t\t\t\t<\/div>\n\t\t<div class=\"elementor-element elementor-element-c91a681 e-flex e-con-boxed e-con e-parent\" data-id=\"c91a681\" data-element_type=\"container\" data-e-type=\"container\" data-settings=\"{&quot;background_background&quot;:&quot;classic&quot;}\">\n\t\t\t\t\t<div class=\"e-con-inner\">\n\t\t\t\t<div class=\"elementor-element elementor-element-7e148be elementor-widget elementor-widget-image\" data-id=\"7e148be\" data-element_type=\"widget\" data-e-type=\"widget\" data-widget_type=\"image.default\">\n\t\t\t\t<div class=\"elementor-widget-container\">\n\t\t\t\t\t\t\t\t\t\t\t\t\t\t\t<img decoding=\"async\" src=\"https:\/\/betterwinbonus.com\/wp-content\/uploads\/elementor\/thumbs\/visa-rg7i8fq22rqayv0awrbqp8svvf8kmy4838m1wxdhes.webp\" title=\"visum\" alt=\"visum\" loading=\"lazy\" \/>\t\t\t\t\t\t\t\t\t\t\t\t\t\t\t<\/div>\n\t\t\t\t<\/div>\n\t\t\t\t<div class=\"elementor-element elementor-element-5b7471e elementor-widget elementor-widget-image\" data-id=\"5b7471e\" data-element_type=\"widget\" data-e-type=\"widget\" data-widget_type=\"image.default\">\n\t\t\t\t<div class=\"elementor-widget-container\">\n\t\t\t\t\t\t\t\t\t\t\t\t\t\t\t<img decoding=\"async\" src=\"https:\/\/betterwinbonus.com\/wp-content\/uploads\/elementor\/thumbs\/mastercard-rg7i8fq22rqayv0awrbqp8svvf8kmy4838m1wxdhes.webp\" title=\"Mastercard\" alt=\"Mastercard\" loading=\"lazy\" \/>\t\t\t\t\t\t\t\t\t\t\t\t\t\t\t<\/div>\n\t\t\t\t<\/div>\n\t\t\t\t<div class=\"elementor-element elementor-element-0dd822e elementor-widget elementor-widget-image\" data-id=\"0dd822e\" data-element_type=\"widget\" data-e-type=\"widget\" data-widget_type=\"image.default\">\n\t\t\t\t<div class=\"elementor-widget-container\">\n\t\t\t\t\t\t\t\t\t\t\t\t\t\t\t<img decoding=\"async\" src=\"https:\/\/betterwinbonus.com\/wp-content\/uploads\/elementor\/thumbs\/bank-transfer-rg7i8fq22rqayv0awrbqp8svvf8kmy4838m1wxdhes.webp\" title=\"bankoverf\u00f8ring\" alt=\"bankoverf\u00f8ring\" loading=\"lazy\" \/>\t\t\t\t\t\t\t\t\t\t\t\t\t\t\t<\/div>\n\t\t\t\t<\/div>\n\t\t\t\t<div class=\"elementor-element elementor-element-df438fc elementor-widget elementor-widget-image\" data-id=\"df438fc\" data-element_type=\"widget\" data-e-type=\"widget\" data-widget_type=\"image.default\">\n\t\t\t\t<div class=\"elementor-widget-container\">\n\t\t\t\t\t\t\t\t\t\t\t\t\t\t\t<img decoding=\"async\" src=\"https:\/\/betterwinbonus.com\/wp-content\/uploads\/elementor\/thumbs\/skrill-rg7i8fq22rqayv0awrbqp8svvf8kmy4838m1wxdhes.webp\" title=\"skrill\" alt=\"skrill\" loading=\"lazy\" \/>\t\t\t\t\t\t\t\t\t\t\t\t\t\t\t<\/div>\n\t\t\t\t<\/div>\n\t\t\t\t<div class=\"elementor-element elementor-element-8eda485 elementor-widget elementor-widget-image\" data-id=\"8eda485\" data-element_type=\"widget\" data-e-type=\"widget\" data-widget_type=\"image.default\">\n\t\t\t\t<div class=\"elementor-widget-container\">\n\t\t\t\t\t\t\t\t\t\t\t\t\t\t\t<img decoding=\"async\" src=\"https:\/\/betterwinbonus.com\/wp-content\/uploads\/elementor\/thumbs\/neteller-rg7i8fq22rqayv0awrbqp8svvf8kmy4838m1wxdhes.webp\" title=\"neteller\" alt=\"neteller\" loading=\"lazy\" \/>\t\t\t\t\t\t\t\t\t\t\t\t\t\t\t<\/div>\n\t\t\t\t<\/div>\n\t\t\t\t<div class=\"elementor-element elementor-element-7abebb3 elementor-widget elementor-widget-image\" data-id=\"7abebb3\" data-element_type=\"widget\" data-e-type=\"widget\" data-widget_type=\"image.default\">\n\t\t\t\t<div class=\"elementor-widget-container\">\n\t\t\t\t\t\t\t\t\t\t\t\t\t\t\t<img decoding=\"async\" src=\"https:\/\/betterwinbonus.com\/wp-content\/uploads\/elementor\/thumbs\/jeton-rg7i8fq22rqayv0awrbqp8svvf8kmy4838m1wxdhes.webp\" title=\"jeton\" alt=\"jeton\" loading=\"lazy\" \/>\t\t\t\t\t\t\t\t\t\t\t\t\t\t\t<\/div>\n\t\t\t\t<\/div>\n\t\t\t\t<div class=\"elementor-element elementor-element-d067c9b elementor-widget elementor-widget-image\" data-id=\"d067c9b\" data-element_type=\"widget\" data-e-type=\"widget\" data-widget_type=\"image.default\">\n\t\t\t\t<div class=\"elementor-widget-container\">\n\t\t\t\t\t\t\t\t\t\t\t\t\t\t\t<img decoding=\"async\" src=\"https:\/\/betterwinbonus.com\/wp-content\/uploads\/elementor\/thumbs\/paysafecard-rg7i8fq22rqayv0awrbqp8svvf8kmy4838m1wxdhes.webp\" title=\"paysafecard\" alt=\"paysafecard\" loading=\"lazy\" \/>\t\t\t\t\t\t\t\t\t\t\t\t\t\t\t<\/div>\n\t\t\t\t<\/div>\n\t\t\t\t\t<\/div>\n\t\t\t\t<\/div>\n\t\t\t\t<\/div>\n\t\t","protected":false},"excerpt":{"rendered":"<p>100 % velkomstbonus opp til 500 \u20ac + 50 gratisspinn Du b\u00f8r vinne! Registrer deg Bedre gevinstbonus &#8211; L\u00e5s opp eksklusive kasinotilbud og store gevinster Leter du etter de beste casinokampanjene og eksklusive bonusene? BetterWin Casino har dekket deg med en 100% velkomstbonus opp til \u20ac \/ $ 500 + 50 gratisspinn p\u00e5 ditt f\u00f8rste [&hellip;]<\/p>\n","protected":false},"author":1,"featured_media":0,"parent":0,"menu_order":0,"comment_status":"closed","ping_status":"closed","template":"","meta":{"footnotes":""},"class_list":["post-271","page","type-page","status-publish","hentry"],"_links":{"self":[{"href":"https:\/\/betterwinbonus.com\/no\/wp-json\/wp\/v2\/pages\/271","targetHints":{"allow":["GET"]}}],"collection":[{"href":"https:\/\/betterwinbonus.com\/no\/wp-json\/wp\/v2\/pages"}],"about":[{"href":"https:\/\/betterwinbonus.com\/no\/wp-json\/wp\/v2\/types\/page"}],"author":[{"embeddable":true,"href":"https:\/\/betterwinbonus.com\/no\/wp-json\/wp\/v2\/users\/1"}],"replies":[{"embeddable":true,"href":"https:\/\/betterwinbonus.com\/no\/wp-json\/wp\/v2\/comments?post=271"}],"version-history":[{"count":2,"href":"https:\/\/betterwinbonus.com\/no\/wp-json\/wp\/v2\/pages\/271\/revisions"}],"predecessor-version":[{"id":313,"href":"https:\/\/betterwinbonus.com\/no\/wp-json\/wp\/v2\/pages\/271\/revisions\/313"}],"wp:attachment":[{"href":"https:\/\/betterwinbonus.com\/no\/wp-json\/wp\/v2\/media?parent=271"}],"curies":[{"name":"wp","href":"https:\/\/api.w.org\/{rel}","templated":true}]}}