{"id":273,"date":"2025-03-26T10:07:44","date_gmt":"2025-03-26T10:07:44","guid":{"rendered":"https:\/\/betterwinbonus.com\/kampanjer\/"},"modified":"2025-03-26T10:31:05","modified_gmt":"2025-03-26T10:31:05","slug":"kampanjer","status":"publish","type":"page","link":"https:\/\/betterwinbonus.com\/no\/kampanjer\/","title":{"rendered":"Kampanjer"},"content":{"rendered":"\t\t<div data-elementor-type=\"wp-page\" data-elementor-id=\"273\" class=\"elementor elementor-273 elementor-173\" data-elementor-post-type=\"page\">\n\t\t\t\t<div class=\"elementor-element elementor-element-fd99554 e-flex e-con-boxed e-con e-parent\" data-id=\"fd99554\" data-element_type=\"container\" data-e-type=\"container\">\n\t\t\t\t\t<div class=\"e-con-inner\">\n\t\t<div class=\"elementor-element elementor-element-d955df0 e-con-full e-flex e-con e-child\" data-id=\"d955df0\" data-element_type=\"container\" data-e-type=\"container\">\n\t\t<div class=\"elementor-element elementor-element-cbb139e e-con-full e-flex e-con e-child\" data-id=\"cbb139e\" data-element_type=\"container\" data-e-type=\"container\">\n\t\t\t\t<div class=\"elementor-element elementor-element-ae2c317 elementor-widget elementor-widget-heading\" data-id=\"ae2c317\" data-element_type=\"widget\" data-e-type=\"widget\" data-widget_type=\"heading.default\">\n\t\t\t\t<div class=\"elementor-widget-container\">\n\t\t\t\t\t<h2 class=\"elementor-heading-title elementor-size-default\">100 % velkomstbonus opp til 500 \u20ac + 50 gratisspinn<\/h2>\t\t\t\t<\/div>\n\t\t\t\t<\/div>\n\t\t\t\t<div class=\"elementor-element elementor-element-4a5ce65 elementor-widget elementor-widget-heading\" data-id=\"4a5ce65\" data-element_type=\"widget\" data-e-type=\"widget\" data-widget_type=\"heading.default\">\n\t\t\t\t<div class=\"elementor-widget-container\">\n\t\t\t\t\t<h3 class=\"elementor-heading-title elementor-size-default\">Du b\u00f8r vinne!<\/h3>\t\t\t\t<\/div>\n\t\t\t\t<\/div>\n\t\t\t\t<div class=\"elementor-element elementor-element-e30eb80 elementor-widget elementor-widget-button\" data-id=\"e30eb80\" data-element_type=\"widget\" data-e-type=\"widget\" data-widget_type=\"button.default\">\n\t\t\t\t<div class=\"elementor-widget-container\">\n\t\t\t\t\t\t\t\t\t<div class=\"elementor-button-wrapper\">\n\t\t\t\t\t<a class=\"elementor-button elementor-button-link elementor-size-sm\" href=\"https:\/\/betterwinbonus.com\/play\/better-win\/\">\n\t\t\t\t\t\t<span class=\"elementor-button-content-wrapper\">\n\t\t\t\t\t\t\t\t\t<span class=\"elementor-button-text\">Registrer deg<\/span>\n\t\t\t\t\t<\/span>\n\t\t\t\t\t<\/a>\n\t\t\t\t<\/div>\n\t\t\t\t\t\t\t\t<\/div>\n\t\t\t\t<\/div>\n\t\t\t\t<\/div>\n\t\t\t\t<div class=\"elementor-element elementor-element-cd8dacc elementor-widget elementor-widget-image\" data-id=\"cd8dacc\" data-element_type=\"widget\" data-e-type=\"widget\" data-widget_type=\"image.default\">\n\t\t\t\t<div class=\"elementor-widget-container\">\n\t\t\t\t\t\t\t\t\t\t\t\t\t\t\t<img fetchpriority=\"high\" decoding=\"async\" width=\"500\" height=\"500\" src=\"https:\/\/betterwinbonus.com\/wp-content\/uploads\/2025\/03\/betterwin-promotions.png\" class=\"attachment-large size-large wp-image-262\" alt=\"\" srcset=\"https:\/\/betterwinbonus.com\/wp-content\/uploads\/2025\/03\/betterwin-promotions.png 500w, https:\/\/betterwinbonus.com\/wp-content\/uploads\/2025\/03\/betterwin-promotions-300x300.png 300w, https:\/\/betterwinbonus.com\/wp-content\/uploads\/2025\/03\/betterwin-promotions-150x150.png 150w\" sizes=\"(max-width: 500px) 100vw, 500px\" \/>\t\t\t\t\t\t\t\t\t\t\t\t\t\t\t<\/div>\n\t\t\t\t<\/div>\n\t\t\t\t<\/div>\n\t\t\t\t<div class=\"elementor-element elementor-element-8478325 elementor-widget elementor-widget-text-editor\" data-id=\"8478325\" data-element_type=\"widget\" data-e-type=\"widget\" data-widget_type=\"text-editor.default\">\n\t\t\t\t<div class=\"elementor-widget-container\">\n\t\t\t\t\t\t\t\t\t<h1 data-start=\"260\" data-end=\"339\">BetterWin-kampanjer<\/h1><h2 data-start=\"260\" data-end=\"339\">F\u00e5 mer ut av hvert spinn med ukentlige bel\u00f8nninger, nettverksdrops og turneringer<\/h2><p class=\"\" data-start=\"341\" data-end=\"555\">Leter du etter flere m\u00e5ter \u00e5 vinne p\u00e5? BetterWin Casino tilbyr mer enn bare velkomstbonusen, med en fullpakket kalender med <strong data-start=\"444\" data-end=\"466\">l\u00f8pende kampanjer<\/strong> og <strong data-start=\"471\" data-end=\"491\">eksklusive arrangementer<\/strong> fra ledende leverand\u00f8rer som Kalamba, Playson og Spinomenal. <\/p><p class=\"\" data-start=\"557\" data-end=\"675\">Her er alt fra <strong data-start=\"562\" data-end=\"581\">ukentlig cashback<\/strong> til <strong data-start=\"585\" data-end=\"608\">m\u00e5nedlige turneringer<\/strong> med premiepotter i millionklassen.<\/p><h3 class=\"\" data-start=\"682\" data-end=\"738\"><strong data-start=\"686\" data-end=\"736\">Kalamba Kash Drops &#8211; Vinn en andel av 3 000 000 euro<\/strong><\/h3><p class=\"\" data-start=\"739\" data-end=\"906\">Kalambas <strong data-start=\"749\" data-end=\"763\">Kash Drops-kampanje<\/strong> p\u00e5g\u00e5r fra <strong data-start=\"783\" data-end=\"812\">4. februar til 8. mai 2025<\/strong>, og gir spillerne sjansen til \u00e5 vinne <strong data-start=\"847\" data-end=\"869\">tilfeldige pengepremier<\/strong> bare ved \u00e5 snurre kvalifiserte spill.<\/p><ul data-start=\"908\" data-end=\"1123\"><li class=\"\" data-start=\"908\" data-end=\"941\"><p class=\"\" data-start=\"910\" data-end=\"941\">Over <strong data-start=\"915\" data-end=\"929\">3 millioner euro<\/strong> i premier<\/p><\/li><li class=\"\" data-start=\"942\" data-end=\"991\"><p class=\"\" data-start=\"944\" data-end=\"991\">L\u00f8per i <strong data-start=\"953\" data-end=\"965\">13 uker<\/strong>, fordelt p\u00e5 <strong data-start=\"974\" data-end=\"989\">4 kampanjer<\/strong><\/p><\/li><li class=\"\" data-start=\"992\" data-end=\"1037\"><p class=\"\" data-start=\"994\" data-end=\"1037\">Spill hvilket som helst av de 37 kvalifiserte Kalamba-spillene<\/p><\/li><li class=\"\" data-start=\"1038\" data-end=\"1064\"><p class=\"\" data-start=\"1040\" data-end=\"1064\">Minimumsinnsats: <strong data-start=\"1053\" data-end=\"1062\">0,50 euro<\/strong><\/p><\/li><li class=\"\" data-start=\"1065\" data-end=\"1123\"><p class=\"\" data-start=\"1067\" data-end=\"1123\"><strong data-start=\"1067\" data-end=\"1091\">Premiene faller tilfeldig<\/strong> &#8211; ingen ledertavle, ikke noe press<\/p><\/li><\/ul><p class=\"\" data-start=\"1125\" data-end=\"1261\">Kom i gang med nye og popul\u00e6re titler som <strong data-start=\"1170\" data-end=\"1200\">Snake Fortune Hold and Win<\/strong>, <strong data-start=\"1202\" data-end=\"1221\">Firebolt Max 7s<\/strong> <strong data-start=\"1227\" data-end=\"1258\">og Caribbean Anne Hold and Win<\/strong>.<\/p><h3 class=\"\" data-start=\"1268\" data-end=\"1327\"><strong data-start=\"1272\" data-end=\"1325\">Ukentlig cashback-bonus &#8211; opptil 25 % tilbake hver uke<\/strong><\/h3><p class=\"\" data-start=\"1328\" data-end=\"1429\">Hver mandag gir BetterWin deg en grunn til \u00e5 smile &#8211; selv om uken f\u00f8r ikke var din heldigste.<\/p><ul data-start=\"1431\" data-end=\"1636\"><li class=\"\" data-start=\"1431\" data-end=\"1487\"><p class=\"\" data-start=\"1433\" data-end=\"1487\">F\u00e5 opptil <strong data-start=\"1443\" data-end=\"1459\">25 % cashback<\/strong> p\u00e5 dine ukentlige nettotap<\/p><\/li><li class=\"\" data-start=\"1488\" data-end=\"1556\"><p class=\"\" data-start=\"1490\" data-end=\"1556\">Cashback starter p\u00e5 <strong data-start=\"1509\" data-end=\"1515\">5 %<\/strong>, og \u00f8ker med <strong data-start=\"1537\" data-end=\"1554\">lojalitetsniv\u00e5et<\/strong> ditt<\/p><\/li><li class=\"\" data-start=\"1557\" data-end=\"1604\"><p class=\"\" data-start=\"1559\" data-end=\"1604\">Krediteres hver <strong data-start=\"1574\" data-end=\"1584\">mandag<\/strong>, gyldig i 7 dager<\/p><\/li><li class=\"\" data-start=\"1605\" data-end=\"1636\"><p class=\"\" data-start=\"1607\" data-end=\"1636\"><strong data-start=\"1607\" data-end=\"1634\">5x omsetningskrav<\/strong><\/p><\/li><\/ul><p class=\"\" data-start=\"1638\" data-end=\"1696\">Det er den perfekte andre sjansen til \u00e5 snu uken din.<\/p><h3 class=\"\" data-start=\"1703\" data-end=\"1778\"><strong data-start=\"1707\" data-end=\"1776\">Playson CashDays &#8211; m\u00e5nedlige turneringer med premiepotter p\u00e5 over 100 000 euro<\/strong><\/h3><p class=\"\" data-start=\"1779\" data-end=\"1912\">Spill Playsons beste spilleautomater og klatre p\u00e5 ledertavlen for \u00e5 vinne stort. <strong data-start=\"1846\" data-end=\"1858\">CashDays-arrangementet<\/strong> g\u00e5r fra den <strong data-start=\"1879\" data-end=\"1911\">1. til den 8. i hver m\u00e5ned<\/strong>. <\/p><ul data-start=\"1914\" data-end=\"2071\"><li class=\"\" data-start=\"1914\" data-end=\"1956\"><p class=\"\" data-start=\"1916\" data-end=\"1956\">M\u00e5nedlig premiepott: opptil <strong data-start=\"1942\" data-end=\"1954\">150 000 euro<\/strong><\/p><\/li><li class=\"\" data-start=\"1957\" data-end=\"2004\"><p class=\"\" data-start=\"1959\" data-end=\"2004\">Poengsystem: hver <strong data-start=\"1980\" data-end=\"2002\">vunnet 1 euro = 10<\/strong> poeng<\/p><\/li><li class=\"\" data-start=\"2005\" data-end=\"2044\"><p class=\"\" data-start=\"2007\" data-end=\"2044\">Spill et hvilket som helst Playson-spill som deltar<\/p><\/li><li class=\"\" data-start=\"2045\" data-end=\"2071\"><p class=\"\" data-start=\"2047\" data-end=\"2071\">Minimumsinnsats: <strong data-start=\"2060\" data-end=\"2069\">0,20 euro<\/strong><\/p><\/li><\/ul><p class=\"\" data-start=\"2073\" data-end=\"2136\">Gevinster krediteres som <strong data-start=\"2098\" data-end=\"2111\">ekte penger<\/strong>, uten omsetningskrav.<\/p><h3 class=\"\" data-start=\"2143\" data-end=\"2204\"><strong data-start=\"2147\" data-end=\"2202\">Playson Short Races &#8211; fartsfylt action hver m\u00e5ned<\/strong><\/h3><p class=\"\" data-start=\"2205\" data-end=\"2347\">Fra den <strong data-start=\"2214\" data-end=\"2246\">9. til slutten av hver m\u00e5ned<\/strong> gir Playsons <strong data-start=\"2258\" data-end=\"2273\">Short Races<\/strong> flere vinnersjanser med kortere, daglige og ukentlige turneringer.<\/p><ul data-start=\"2349\" data-end=\"2507\"><li class=\"\" data-start=\"2349\" data-end=\"2385\"><p class=\"\" data-start=\"2351\" data-end=\"2385\">M\u00e5nedlig pool: opptil <strong data-start=\"2371\" data-end=\"2383\">150 000 euro<\/strong><\/p><\/li><li class=\"\" data-start=\"2386\" data-end=\"2412\"><p class=\"\" data-start=\"2388\" data-end=\"2412\">Ledertavler i sanntid<\/p><\/li><li class=\"\" data-start=\"2413\" data-end=\"2444\"><p class=\"\" data-start=\"2415\" data-end=\"2444\">Premien faller innen 72 timer<\/p><\/li><li class=\"\" data-start=\"2445\" data-end=\"2507\"><p class=\"\" data-start=\"2447\" data-end=\"2507\">Spillene inkluderer <strong data-start=\"2461\" data-end=\"2478\">Buffalo Power<\/strong>, <strong data-start=\"2480\" data-end=\"2495\">Royal Coins<\/strong> og mer<\/p><\/li><\/ul><p class=\"\" data-start=\"2509\" data-end=\"2561\">Hvert l\u00f8p er kort, skarpt og fullpakket med action.<\/p><h3 class=\"\" data-start=\"2568\" data-end=\"2635\"><strong data-start=\"2572\" data-end=\"2633\">Non-Stop Drop &#8211; Vinn \u00f8yeblikkelig i Playsons kampanje p\u00e5 3,4 millioner euro<\/strong><\/h3><p class=\"\" data-start=\"2636\" data-end=\"2741\"><strong data-start=\"2681\" data-end=\"2698\">Non-Stop Drop<\/strong>, som varer fra <strong data-start=\"2649\" data-end=\"2675\">juli 2024 til juni 2025<\/strong>, er Playsons \u00e5relange premieutdelingsevent.<\/p><ul data-start=\"2743\" data-end=\"2880\"><li class=\"\" data-start=\"2743\" data-end=\"2781\"><p class=\"\" data-start=\"2745\" data-end=\"2781\">Total premiepott: <strong data-start=\"2763\" data-end=\"2779\">3,4 millioner euro<\/strong><\/p><\/li><li class=\"\" data-start=\"2782\" data-end=\"2824\"><p class=\"\" data-start=\"2784\" data-end=\"2824\">Cash Blast-premier deles ut <strong data-start=\"2810\" data-end=\"2822\">tilfeldig<\/strong><\/p><\/li><li class=\"\" data-start=\"2825\" data-end=\"2853\"><p class=\"\" data-start=\"2827\" data-end=\"2853\">Sporing av premier i sanntid<\/p><\/li><li class=\"\" data-start=\"2854\" data-end=\"2880\"><p class=\"\" data-start=\"2856\" data-end=\"2880\">Minimumsinnsats: <strong data-start=\"2869\" data-end=\"2878\">0,20 euro<\/strong><\/p><\/li><\/ul><p class=\"\" data-start=\"2882\" data-end=\"2942\">Ethvert spinn kan utl\u00f8se en umiddelbar gevinst &#8211; ingen ledertavle er n\u00f8dvendig.<\/p><h3 class=\"\" data-start=\"2949\" data-end=\"3011\"><strong data-start=\"2953\" data-end=\"3009\">Spinomenal Holiday Drops &#8211; St. Patricks Day-utgaven<\/strong><\/h3><p class=\"\" data-start=\"3012\" data-end=\"3137\">Fra <strong data-start=\"3017\" data-end=\"3046\">6. mars til 31. mars 2025<\/strong> kan du spille p\u00e5 festlige spilleautomater med irsk tema og f\u00e5 sjansen til \u00e5 l\u00e5se opp <strong data-start=\"3103\" data-end=\"3134\">tilfeldige Holiday Drop-bel\u00f8nninger<\/strong>.<\/p><ul data-start=\"3139\" data-end=\"3372\"><li class=\"\" data-start=\"3139\" data-end=\"3172\"><p class=\"\" data-start=\"3141\" data-end=\"3172\">Ingen ekstra opt-in kreves<\/p><\/li><li class=\"\" data-start=\"3173\" data-end=\"3210\"><p class=\"\" data-start=\"3175\" data-end=\"3210\">Spill runder med ekte penger for \u00e5 kvalifisere deg<\/p><\/li><li class=\"\" data-start=\"3211\" data-end=\"3265\"><p class=\"\" data-start=\"3213\" data-end=\"3265\">Utl\u00f8ses tilfeldig under basisspillet eller gratisspinn<\/p><\/li><li class=\"\" data-start=\"3266\" data-end=\"3372\"><p class=\"\" data-start=\"3268\" data-end=\"3372\">Utvalgte spill inkluderer <strong data-start=\"3291\" data-end=\"3320\">Book of Lucky Mr. Patrick<\/strong> og <strong data-start=\"3325\" data-end=\"3370\">Joker&#8217;s Wild Ride &#8211; Patrick&#8217;s Day Edition<\/strong><\/p><\/li><\/ul><p class=\"\" data-start=\"3374\" data-end=\"3441\">Feir irsk flaks med overraskende gevinster p\u00e5 hvert eneste spinn.<\/p><h3 class=\"\" data-start=\"3448\" data-end=\"3479\">Er du klar til \u00e5 bli med p\u00e5 aksjonen?<\/h3><p class=\"\" data-start=\"3480\" data-end=\"3633\">Med <strong data-start=\"3485\" data-end=\"3507\">nettverkskampanjer<\/strong>, <strong data-start=\"3509\" data-end=\"3527\">\u00f8yeblikkelige premier<\/strong> og <strong data-start=\"3533\" data-end=\"3552\">ukentlig cashback<\/strong> s\u00f8rger BetterWin Casino for at det alltid er noe spennende i horisonten.<\/p><p class=\"\" data-start=\"3635\" data-end=\"3766\"><strong data-start=\"3635\" data-end=\"3665\">Registrer deg, sett inn penger og spill<\/strong> favorittautomatene dine for \u00e5 f\u00e5 sjansen til \u00e5 vinne bonuser, ekte pengepremier og eksklusive drops &#8211; alt p\u00e5 ett sted.<\/p>\t\t\t\t\t\t\t\t<\/div>\n\t\t\t\t<\/div>\n\t\t\t\t<div class=\"elementor-element elementor-element-a3c032d elementor-align-justify elementor-widget elementor-widget-global elementor-global-299 elementor-global-178 elementor-widget-button\" data-id=\"a3c032d\" data-element_type=\"widget\" data-e-type=\"widget\" data-widget_type=\"button.default\">\n\t\t\t\t<div class=\"elementor-widget-container\">\n\t\t\t\t\t\t\t\t\t<div class=\"elementor-button-wrapper\">\n\t\t\t\t\t<a class=\"elementor-button elementor-button-link elementor-size-sm\" href=\"https:\/\/betterwinbonus.com\/play\/better-win\/\">\n\t\t\t\t\t\t<span class=\"elementor-button-content-wrapper\">\n\t\t\t\t\t\t\t\t\t<span class=\"elementor-button-text\">Registrer deg n\u00e5<\/span>\n\t\t\t\t\t<\/span>\n\t\t\t\t\t<\/a>\n\t\t\t\t<\/div>\n\t\t\t\t\t\t\t\t<\/div>\n\t\t\t\t<\/div>\n\t\t\t\t\t<\/div>\n\t\t\t\t<\/div>\n\t\t<div class=\"elementor-element elementor-element-4e87fbb8 e-flex e-con-boxed e-con e-parent\" data-id=\"4e87fbb8\" data-element_type=\"container\" data-e-type=\"container\" data-settings=\"{&quot;background_background&quot;:&quot;classic&quot;}\">\n\t\t\t\t\t<div class=\"e-con-inner\">\n\t\t\t\t<div class=\"elementor-element elementor-element-7cb67032 elementor-widget elementor-widget-image\" data-id=\"7cb67032\" data-element_type=\"widget\" data-e-type=\"widget\" data-widget_type=\"image.default\">\n\t\t\t\t<div class=\"elementor-widget-container\">\n\t\t\t\t\t\t\t\t\t\t\t\t\t\t\t<img decoding=\"async\" src=\"https:\/\/betterwinbonus.com\/wp-content\/uploads\/elementor\/thumbs\/visa-rg7i8fq22rqayv0awrbqp8svvf8kmy4838m1wxdhes.webp\" title=\"visum\" alt=\"visum\" loading=\"lazy\" \/>\t\t\t\t\t\t\t\t\t\t\t\t\t\t\t<\/div>\n\t\t\t\t<\/div>\n\t\t\t\t<div class=\"elementor-element elementor-element-74608de3 elementor-widget elementor-widget-image\" data-id=\"74608de3\" data-element_type=\"widget\" data-e-type=\"widget\" data-widget_type=\"image.default\">\n\t\t\t\t<div class=\"elementor-widget-container\">\n\t\t\t\t\t\t\t\t\t\t\t\t\t\t\t<img decoding=\"async\" src=\"https:\/\/betterwinbonus.com\/wp-content\/uploads\/elementor\/thumbs\/mastercard-rg7i8fq22rqayv0awrbqp8svvf8kmy4838m1wxdhes.webp\" title=\"Mastercard\" alt=\"Mastercard\" loading=\"lazy\" \/>\t\t\t\t\t\t\t\t\t\t\t\t\t\t\t<\/div>\n\t\t\t\t<\/div>\n\t\t\t\t<div class=\"elementor-element elementor-element-2b86bcf elementor-widget elementor-widget-image\" data-id=\"2b86bcf\" data-element_type=\"widget\" data-e-type=\"widget\" data-widget_type=\"image.default\">\n\t\t\t\t<div class=\"elementor-widget-container\">\n\t\t\t\t\t\t\t\t\t\t\t\t\t\t\t<img decoding=\"async\" src=\"https:\/\/betterwinbonus.com\/wp-content\/uploads\/elementor\/thumbs\/bank-transfer-rg7i8fq22rqayv0awrbqp8svvf8kmy4838m1wxdhes.webp\" title=\"bankoverf\u00f8ring\" alt=\"bankoverf\u00f8ring\" loading=\"lazy\" \/>\t\t\t\t\t\t\t\t\t\t\t\t\t\t\t<\/div>\n\t\t\t\t<\/div>\n\t\t\t\t<div class=\"elementor-element elementor-element-3084286b elementor-widget elementor-widget-image\" data-id=\"3084286b\" data-element_type=\"widget\" data-e-type=\"widget\" data-widget_type=\"image.default\">\n\t\t\t\t<div class=\"elementor-widget-container\">\n\t\t\t\t\t\t\t\t\t\t\t\t\t\t\t<img decoding=\"async\" src=\"https:\/\/betterwinbonus.com\/wp-content\/uploads\/elementor\/thumbs\/skrill-rg7i8fq22rqayv0awrbqp8svvf8kmy4838m1wxdhes.webp\" title=\"skrill\" alt=\"skrill\" loading=\"lazy\" \/>\t\t\t\t\t\t\t\t\t\t\t\t\t\t\t<\/div>\n\t\t\t\t<\/div>\n\t\t\t\t<div class=\"elementor-element elementor-element-138a8030 elementor-widget elementor-widget-image\" data-id=\"138a8030\" data-element_type=\"widget\" data-e-type=\"widget\" data-widget_type=\"image.default\">\n\t\t\t\t<div class=\"elementor-widget-container\">\n\t\t\t\t\t\t\t\t\t\t\t\t\t\t\t<img decoding=\"async\" src=\"https:\/\/betterwinbonus.com\/wp-content\/uploads\/elementor\/thumbs\/neteller-rg7i8fq22rqayv0awrbqp8svvf8kmy4838m1wxdhes.webp\" title=\"neteller\" alt=\"neteller\" loading=\"lazy\" \/>\t\t\t\t\t\t\t\t\t\t\t\t\t\t\t<\/div>\n\t\t\t\t<\/div>\n\t\t\t\t<div class=\"elementor-element elementor-element-3a831a94 elementor-widget elementor-widget-image\" data-id=\"3a831a94\" data-element_type=\"widget\" data-e-type=\"widget\" data-widget_type=\"image.default\">\n\t\t\t\t<div class=\"elementor-widget-container\">\n\t\t\t\t\t\t\t\t\t\t\t\t\t\t\t<img decoding=\"async\" src=\"https:\/\/betterwinbonus.com\/wp-content\/uploads\/elementor\/thumbs\/jeton-rg7i8fq22rqayv0awrbqp8svvf8kmy4838m1wxdhes.webp\" title=\"jeton\" alt=\"jeton\" loading=\"lazy\" \/>\t\t\t\t\t\t\t\t\t\t\t\t\t\t\t<\/div>\n\t\t\t\t<\/div>\n\t\t\t\t<div class=\"elementor-element elementor-element-6268e5d7 elementor-widget elementor-widget-image\" data-id=\"6268e5d7\" data-element_type=\"widget\" data-e-type=\"widget\" data-widget_type=\"image.default\">\n\t\t\t\t<div class=\"elementor-widget-container\">\n\t\t\t\t\t\t\t\t\t\t\t\t\t\t\t<img decoding=\"async\" src=\"https:\/\/betterwinbonus.com\/wp-content\/uploads\/elementor\/thumbs\/paysafecard-rg7i8fq22rqayv0awrbqp8svvf8kmy4838m1wxdhes.webp\" title=\"paysafecard\" alt=\"paysafecard\" loading=\"lazy\" \/>\t\t\t\t\t\t\t\t\t\t\t\t\t\t\t<\/div>\n\t\t\t\t<\/div>\n\t\t\t\t\t<\/div>\n\t\t\t\t<\/div>\n\t\t\t\t<\/div>\n\t\t","protected":false},"excerpt":{"rendered":"<p>100 % velkomstbonus opp til 500 \u20ac + 50 gratisspinn Du b\u00f8r vinne! Registrer deg BetterWin-kampanjer F\u00e5 mer ut av hvert spinn med ukentlige bel\u00f8nninger, nettverksdrops og turneringer Leter du etter flere m\u00e5ter \u00e5 vinne p\u00e5? BetterWin Casino tilbyr mer enn bare velkomstbonusen, med en fullpakket kalender med l\u00f8pende kampanjer og eksklusive arrangementer fra ledende [&hellip;]<\/p>\n","protected":false},"author":1,"featured_media":0,"parent":0,"menu_order":0,"comment_status":"closed","ping_status":"closed","template":"","meta":{"footnotes":""},"class_list":["post-273","page","type-page","status-publish","hentry"],"_links":{"self":[{"href":"https:\/\/betterwinbonus.com\/no\/wp-json\/wp\/v2\/pages\/273","targetHints":{"allow":["GET"]}}],"collection":[{"href":"https:\/\/betterwinbonus.com\/no\/wp-json\/wp\/v2\/pages"}],"about":[{"href":"https:\/\/betterwinbonus.com\/no\/wp-json\/wp\/v2\/types\/page"}],"author":[{"embeddable":true,"href":"https:\/\/betterwinbonus.com\/no\/wp-json\/wp\/v2\/users\/1"}],"replies":[{"embeddable":true,"href":"https:\/\/betterwinbonus.com\/no\/wp-json\/wp\/v2\/comments?post=273"}],"version-history":[{"count":1,"href":"https:\/\/betterwinbonus.com\/no\/wp-json\/wp\/v2\/pages\/273\/revisions"}],"predecessor-version":[{"id":274,"href":"https:\/\/betterwinbonus.com\/no\/wp-json\/wp\/v2\/pages\/273\/revisions\/274"}],"wp:attachment":[{"href":"https:\/\/betterwinbonus.com\/no\/wp-json\/wp\/v2\/media?parent=273"}],"curies":[{"name":"wp","href":"https:\/\/api.w.org\/{rel}","templated":true}]}}